{"id":108,"date":"2011-11-13T22:17:38","date_gmt":"2011-11-13T22:17:38","guid":{"rendered":"http:\/\/www.soustons-noms-lieux.fr\/?page_id=108"},"modified":"2018-01-01T16:17:19","modified_gmt":"2018-01-01T16:17:19","slug":"les-lieux-et-les-noms","status":"publish","type":"page","link":"https:\/\/www.soustons-noms-lieux.fr\/?page_id=108","title":{"rendered":"Les lieux-dits (mode d&#8217;emploi)"},"content":{"rendered":"<p style=\"text-align: justify;\">Par <strong>lieu-dit<\/strong>, nous entendons tout espace d\u00e9limit\u00e9 ou objet inanim\u00e9, site naturel, ouvrage&nbsp;construit de main d&rsquo;homme, actuel ou disparu, d\u00e9sign\u00e9 par un nom, tel que : quartier, hameau, \u00e9tang, cours d&rsquo;eau, zone agricole ou foresti\u00e8re,&nbsp;pont, voie, b\u00e2timent agricole,&nbsp;maison.<\/p>\n<p>Un classement des lieux-dits par type a \u00e9t\u00e9 \u00e9tabli.<br \/>\nVoir :<span style=\"font-family: 'Times New Roman', serif; font-size: medium;\">&nbsp;&nbsp;<\/span><a href=\"https:\/\/www.soustons-noms-lieux.fr\/?page_id=783\" target=\"_blank\" rel=\"noopener noreferrer\">Les types de lieux-dits<\/a><\/p>\n<p>Ils sont localis\u00e9s par r\u00e9f\u00e9rence au quartier, au cadastre et \u00e0 la carte IGN.<br \/>\nVoir :&nbsp; <a href=\"https:\/\/www.soustons-noms-lieux.fr\/?page_id=156\" target=\"_blank\" rel=\"noopener noreferrer\">Le mode d&#8217;emploi de la localisation.<\/a><\/p>\n<p style=\"text-align: justify;\">Voir l&rsquo;inventaire des lieux-dits soustonnais :<br \/>\n<a href=\"https:\/\/www.soustons-noms-lieux.fr\/wp-content\/uploads\/\/20 lieux dits\/lieux-dits-par-type-130304.pdf\" target=\"_blank\" rel=\"noopener noreferrer\">Les lieux-dits de Soustons par type de lieu-dit<\/a><br \/>\n<a href=\"https:\/\/www.soustons-noms-lieux.fr\/wp-content\/uploads\/\/20 lieux dits\/Lieux-dits-par-noms-130303.pdf\" target=\"_blank\" rel=\"noopener noreferrer\">Les lieux-dits de Soustons par nom de lieu<\/a><\/p>\n<p>&nbsp;<\/p>\n<p>Retourner \u00e0 : <a href=\"https:\/\/www.soustons-noms-lieux.fr\/?page_id=451\" target=\"_blank\" rel=\"noopener noreferrer\">Mode d&#8217;emploi<\/a><\/p>\n<p>Retourner \u00e0 :&nbsp;<a title=\"Accueil\" href=\"https:\/\/www.soustons-noms-lieux.fr\/\" target=\"_blank\" rel=\"noopener noreferrer\">Accueil<\/a><\/p>\n","protected":false},"excerpt":{"rendered":"<p>Par lieu-dit, nous entendons tout espace d\u00e9limit\u00e9 ou objet inanim\u00e9, site naturel, ouvrage&nbsp;construit de main d&rsquo;homme, actuel ou disparu, d\u00e9sign\u00e9 par un nom, tel que : quartier, hameau, \u00e9tang, cours d&rsquo;eau, zone agricole ou foresti\u00e8re,&nbsp;pont, voie, b\u00e2timent agricole,&nbsp;maison. Un classement &hellip; <a href=\"https:\/\/www.soustons-noms-lieux.fr\/?page_id=108\">Continuer la lecture <span class=\"meta-nav\">&rarr;<\/span><\/a><\/p>\n","protected":false},"author":1,"featured_media":0,"parent":451,"menu_order":410,"comment_status":"closed","ping_status":"closed","template":"onecolumn-page.php","meta":{"ngg_post_thumbnail":0,"footnotes":""},"class_list":["post-108","page","type-page","status-publish","hentry"],"_links":{"self":[{"href":"https:\/\/www.soustons-noms-lieux.fr\/index.php?rest_route=\/wp\/v2\/pages\/108","targetHints":{"allow":["GET"]}}],"collection":[{"href":"https:\/\/www.soustons-noms-lieux.fr\/index.php?rest_route=\/wp\/v2\/pages"}],"about":[{"href":"https:\/\/www.soustons-noms-lieux.fr\/index.php?rest_route=\/wp\/v2\/types\/page"}],"author":[{"embeddable":true,"href":"https:\/\/www.soustons-noms-lieux.fr\/index.php?rest_route=\/wp\/v2\/users\/1"}],"replies":[{"embeddable":true,"href":"https:\/\/www.soustons-noms-lieux.fr\/index.php?rest_route=%2Fwp%2Fv2%2Fcomments&post=108"}],"version-history":[{"count":8,"href":"https:\/\/www.soustons-noms-lieux.fr\/index.php?rest_route=\/wp\/v2\/pages\/108\/revisions"}],"predecessor-version":[{"id":6674,"href":"https:\/\/www.soustons-noms-lieux.fr\/index.php?rest_route=\/wp\/v2\/pages\/108\/revisions\/6674"}],"up":[{"embeddable":true,"href":"https:\/\/www.soustons-noms-lieux.fr\/index.php?rest_route=\/wp\/v2\/pages\/451"}],"wp:attachment":[{"href":"https:\/\/www.soustons-noms-lieux.fr\/index.php?rest_route=%2Fwp%2Fv2%2Fmedia&parent=108"}],"curies":[{"name":"wp","href":"https:\/\/api.w.org\/{rel}","templated":true}]}}