{"id":1134,"date":"2012-04-05T22:19:06","date_gmt":"2012-04-05T22:19:06","guid":{"rendered":"http:\/\/www.soustons-noms-lieux.fr\/?page_id=1134"},"modified":"2015-02-10T09:04:07","modified_gmt":"2015-02-10T09:04:07","slug":"les-microtoponymes-graouilleres-et-graouot","status":"publish","type":"page","link":"https:\/\/www.soustons-noms-lieux.fr\/?page_id=1134","title":{"rendered":"Mares et grenouilles \u2013 Graouill\u00e8res, Graouot"},"content":{"rendered":"<p lang=\"fr-FR\" align=\"LEFT\">Cette note sur les microtoponymes Graouill\u00e8res et Graouot a \u00e9t\u00e9 publi\u00e9e dans le bulletin de l&rsquo;association SADIPAC Sud landais,\u00a0<em>Cahiers du Sud landais,\u00a0<\/em>Capbreton, n\u00b0 , \u00a0sous le titre\u00a0<em>Mares et grenouilles.<\/em><\/p>\n<p lang=\"fr-FR\" style=\"text-align: center;\" align=\"LEFT\">_________________________________________________________________________________________________________________<\/p>\n<p lang=\"fr-FR\" style=\"text-align: center;\" align=\"LEFT\">Alain CASTAIGNOS \u00a0 \u00a0 \u00a0 \u00a0 \u00a0 \u00a0 \u00a0 \u00a0 \u00a0 \u00a0 \u00a0 \u00a0 \u00a0 \u00a0 \u00a0 \u00a0 \u00a0 \u00a0 \u00a0 \u00a0 \u00a0 \u00a0 \u00a0 \u00a0 \u00a0 \u00a0 \u00a0 \u00a0 \u00a0 \u00a0 \u00a0 \u00a0 \u00a0 \u00a0 \u00a0 \u00a0 \u00a0 \u00a0 \u00a0 \u00a0 \u00a0 \u00a0 \u00a0 \u00a0 \u00a0 \u00a0Andr\u00e9 LABERTIT<\/p>\n<h2 style=\"text-align: center;\">MARES ET GRENOUILLES\u00a0:<\/h2>\n<h3 style=\"text-align: center;\"><strong><span style=\"font-size: small;\">DES \u00ab\u00a0FAUX-AMIS\u00a0\u00bb EN TOPONYMIE<\/span><\/strong><\/h3>\n<h1 style=\"text-align: center;\">&#8212;&#8212;&#8212;-<\/h1>\n<p>Les \u00ab\u00a0faux-amis\u00a0\u00bb, terme r\u00e9cent en linguistique appliqu\u00e9e, d\u00e9signent des mots de forme et d&rsquo;\u00e9tymologie semblables dont le sens est diff\u00e9rent en tout ou en partie. Le champ de la traduction en fourmille. Ainsi, l&rsquo;anglais <em>actual<\/em>, le fran\u00e7ais <em>actuel<\/em> peuvent, chez les non-inform\u00e9s, provoquer des m\u00e9prises d&rsquo;une langue \u00e0 l&rsquo;autre\u00a0: la r\u00e9alit\u00e9 et la pr\u00e9sence , ce n&rsquo;est pas la m\u00eame chose. Il faut se m\u00e9fier.<\/p>\n<p>Deux lieux-dits soustonnais invitent \u00e0 une \u00e9gale m\u00e9fiance dans le champ de la microtoponymie. C&rsquo;est le cas, nous a-t-il sembl\u00e9, des <strong>Graouill\u00e8res<\/strong> et du <strong>Graouot du Cout de Lesque<\/strong>, que nous avons recens\u00e9s dans notre relev\u00e9 des noms de lieux et lieux-dits de Soustons. Qu&rsquo;on en juge. Ils pourraient servir d&rsquo;exemple. (&#8230;)<\/p>\n<p lang=\"fr-FR\"><a href=\"https:\/\/www.soustons-noms-lieux.fr\/wp-content\/uploads\/60 autres notes et publications\/graouilleres-et-graouot-v2-120421.pdf\" target=\"_blank\">Lire la suite<\/a><\/p>\n<p lang=\"fr-FR\" style=\"text-align: center;\" align=\"LEFT\">_________________________________________________________________________________________________________________<\/p>\n<p style=\"text-align: left;\">Retourner \u00e0 :\u00a0<a href=\"https:\/\/www.soustons-noms-lieux.fr\/?page_id=153\">Autres notes<\/a><\/p>\n<p>Aller \u00e0 :\u00a0<a title=\"Accueil\" href=\"https:\/\/www.soustons-noms-lieux.fr\/\">Accueil<\/a><\/p>\n","protected":false},"excerpt":{"rendered":"<p>Cette note sur les microtoponymes Graouill\u00e8res et Graouot a \u00e9t\u00e9 publi\u00e9e dans le bulletin de l&rsquo;association SADIPAC Sud landais,\u00a0Cahiers du Sud landais,\u00a0Capbreton, n\u00b0 , \u00a0sous le titre\u00a0Mares et grenouilles. _________________________________________________________________________________________________________________ Alain CASTAIGNOS \u00a0 \u00a0 \u00a0 \u00a0 \u00a0 \u00a0 \u00a0 \u00a0 &hellip; <a href=\"https:\/\/www.soustons-noms-lieux.fr\/?page_id=1134\">Continuer la lecture <span class=\"meta-nav\">&rarr;<\/span><\/a><\/p>\n","protected":false},"author":1,"featured_media":0,"parent":153,"menu_order":665,"comment_status":"closed","ping_status":"closed","template":"onecolumn-page.php","meta":{"ngg_post_thumbnail":0,"footnotes":""},"class_list":["post-1134","page","type-page","status-publish","hentry"],"_links":{"self":[{"href":"https:\/\/www.soustons-noms-lieux.fr\/index.php?rest_route=\/wp\/v2\/pages\/1134","targetHints":{"allow":["GET"]}}],"collection":[{"href":"https:\/\/www.soustons-noms-lieux.fr\/index.php?rest_route=\/wp\/v2\/pages"}],"about":[{"href":"https:\/\/www.soustons-noms-lieux.fr\/index.php?rest_route=\/wp\/v2\/types\/page"}],"author":[{"embeddable":true,"href":"https:\/\/www.soustons-noms-lieux.fr\/index.php?rest_route=\/wp\/v2\/users\/1"}],"replies":[{"embeddable":true,"href":"https:\/\/www.soustons-noms-lieux.fr\/index.php?rest_route=%2Fwp%2Fv2%2Fcomments&post=1134"}],"version-history":[{"count":5,"href":"https:\/\/www.soustons-noms-lieux.fr\/index.php?rest_route=\/wp\/v2\/pages\/1134\/revisions"}],"predecessor-version":[{"id":4093,"href":"https:\/\/www.soustons-noms-lieux.fr\/index.php?rest_route=\/wp\/v2\/pages\/1134\/revisions\/4093"}],"up":[{"embeddable":true,"href":"https:\/\/www.soustons-noms-lieux.fr\/index.php?rest_route=\/wp\/v2\/pages\/153"}],"wp:attachment":[{"href":"https:\/\/www.soustons-noms-lieux.fr\/index.php?rest_route=%2Fwp%2Fv2%2Fmedia&parent=1134"}],"curies":[{"name":"wp","href":"https:\/\/api.w.org\/{rel}","templated":true}]}}