{"id":1169,"date":"2012-04-21T21:51:09","date_gmt":"2012-04-21T21:51:09","guid":{"rendered":"http:\/\/www.soustons-noms-lieux.fr\/?page_id=1169"},"modified":"2019-06-09T21:57:37","modified_gmt":"2019-06-09T21:57:37","slug":"mentions-legales","status":"publish","type":"page","link":"https:\/\/www.soustons-noms-lieux.fr\/?page_id=1169","title":{"rendered":"Mentions l\u00e9gales et politique de confidentialit\u00e9"},"content":{"rendered":"<p><strong>Site<\/strong><br \/>\nhttp :\/\/www.soustons-noms-lieux.fr<br \/>\n<strong>\u00c9diteurs<\/strong><br \/>\nAlain CASTAIGNOS, Laurens, 376 chemin de Laurens, 40140 SOUSTONS<br \/>\nAndr\u00e9 LABERTIT, Mayrane, chemin de Jus, 40140 SOUSTONS<br \/>\nAdministrateur du site\u00a0: Alain CASTAIGNOS<br \/>\nD\u00e9l\u00e9gu\u00e9 \u00e0 la protection des donn\u00e9es\u00a0: Alain CASTAIGNOS<br \/>\ne-mail\u00a0: soustons.nl@free.fr<br \/>\n<strong>H\u00e9bergeur<\/strong><br \/>\nRaison sociale\u00a0: OVH<br \/>\nSi\u00e8ge social : 2 rue Kellermann 59100 Roubaix &#8211; France<br \/>\nSAS au capital de 10 174 560 \u20ac<br \/>\nRCS Roubaix \u2013 Tourcoing 424 761 419 00045 \u2028Code APE 6202A<br \/>\n<strong>Propri\u00e9t\u00e9 intellectuelle<\/strong><br \/>\nL&rsquo;ensemble de ce site rel\u00e8ve des l\u00e9gislations fran\u00e7aise et internationale sur le droit d&rsquo;auteur et la propri\u00e9t\u00e9 intellectuelle.<br \/>\nTous les droits de reproduction sont r\u00e9serv\u00e9s, y compris pour les documents iconographiques et photographiques. Toute utilisation, m\u00eame partielle, des contenus visuels ou de programmation de ce site, doit faire l&rsquo;objet d&rsquo;un accord pr\u00e9alable et \u00e9crit des \u00e9diteurs.<br \/>\n<strong>Politique de confidentialit\u00e9 et collecte des donn\u00e9es personnelles<\/strong><br \/>\n<strong>Donn\u00e9es personnelles<\/strong><br \/>\nCe site respecte la loi Informatique et Libert\u00e9s et le R\u00e8glement G\u00e9n\u00e9ral pour la Protection des Donn\u00e9es (RGPD). Conform\u00e9ment \u00e0 la loi Informatique et Libert\u00e9s et au RGPD, l&rsquo;utilisateur dispose d&rsquo;un droit d\u2019acc\u00e8s, de modification et de suppression de toutes ses donn\u00e9es personnelles recueillies et de portabilit\u00e9 des donn\u00e9es personnelles qu\u2019il a fournies et qui sont trait\u00e9es sur la base de son consentement. Ce droit peut \u00eatre exerc\u00e9 \u00e0 tout moment \u00e0 partir de la page Contact du site ou par email \u00e0 l\u2019adresse suivante : soustons.nl@free.fr<br \/>\n<strong>Utilisation des t\u00e9moins de connexion et informations recueillies<\/strong><br \/>\n<strong>T\u00e9moins de connexion<\/strong><br \/>\nL\u2019h\u00e9bergeur OVH utilise des t\u00e9moins de connexion (cookies) en vue d\u2019optimiser l\u2019acc\u00e8s \u00e0 l\u2019h\u00e9bergement mutualis\u00e9 de ce site. Ces cookies expirent lorsque l\u2019utilisateur quitte la session de navigation.<br \/>\n<strong>Enregistrement des acc\u00e8s \u00e0 des fins statistiques<\/strong><br \/>\nLors de la connexion au site, l\u2019ordinateur de l\u2019utilisateur dialogue avec un serveur de l\u2019h\u00e9bergeur OVH qui lui fournit les ressources demand\u00e9es. Le serveur enregistre automatiquement les acc\u00e8s (hits) aux fichiers du site li\u00e9s \u00e0 une requ\u00eate, dans un fichier de journalisation (log). Sont enregistr\u00e9es notamment l\u2019adresse IP de l\u2019ordinateur client \u2013\u00a0non pas l\u2019identit\u00e9 de l\u2019utilisateur de l\u2019ordinateur\u00a0\u2013, la page et les fichiers demand\u00e9s, le type de navigateur utilis\u00e9, le syst\u00e8me d\u2019exploitation, l\u2019identification des sites tiers \u00e0 partir desquels la connexion a \u00e9t\u00e9 \u00e9ventuellemnt r\u00e9alis\u00e9e. OVH traite ces logs en interne sans les transmettre \u00e0 des sites tiers. Les logs sont \u00e9dit\u00e9s et consultables \u00e0 partir d\u2019un logiciel analyseur de logs Awstats. Ils sont interpr\u00e9t\u00e9s statistiquement par un logiciel d\u2019analyse statistique Urchin qui d\u00e9livre\u00a0: nombre de visites, nombre de pages vues, pays et localit\u00e9s, navigateurs utilis\u00e9s, etc. Ces informations permettent d\u2019analyser la fr\u00e9quentation et l\u2019utilisation du site\u00a0: passages des robots d\u2019indexation (crawlers) des moteurs de recherche, visites des utilisateurs).<br \/>\n<strong>Formulaire de contact par email<\/strong><br \/>\nL\u2019utilisation du formulaire de contact contenant des donn\u00e9es personnelles est facultative. Les donn\u00e9es personnelles collect\u00e9es via ce formulaire de contact par email (nom et adresse mail de l\u2019utilisateur) servent uniquement \u00e0 r\u00e9pondre aux demandes d\u2019informations et aux remarques formul\u00e9es par les utilisateurs. Elles ne sont pas stock\u00e9es sur le serveur. Ces donn\u00e9es ainsi que les textes des zones Sujet et Votre message sont stock\u00e9es sur l\u2019ordinateur des \u00e9diteurs du site, en vue de permettre les r\u00e9ponses aux demandes, ainsi que l\u2019am\u00e9lioration et l\u2019enrichissement du site. Les mesures raisonnablement n\u00e9cessaires ont \u00e9t\u00e9 prises pour prot\u00e9ger ces informations de tout acc\u00e8s non autoris\u00e9. L\u2019ordinateur de stockage de ces donn\u00e9es dispose d\u2019un pare-feu int\u00e9gr\u00e9 et activ\u00e9 ainsi que d\u2019une protection sp\u00e9cifique afin de d\u00e9tecter et g\u00e9rer en temps r\u00e9el les attaques malveillantes. Les informations personnelles et les donn\u00e9es re\u00e7ues ne servent en aucun cas \u00e0 alimenter l\u2019envoi de newsletters et ne sont transmises \u00e0 aucun tiers sous quelque forme que ce soit.<br \/>\n<strong>Liens vers des sites web de tiers<\/strong><br \/>\nCe site propose des liens vers d\u2019autres sites web de tiers.<br \/>\n<strong>Institut g\u00e9ographique national (IGN)<\/strong><br \/>\nLa page G\u00e9olocalisation de ce site permet d\u2019obtenir la position du lieu-dit demand\u00e9 sur une carte d\u00e9livr\u00e9e par connexion au site de l\u2019IGN https:\/\/macarte.ign.fr\/.<br \/>\n<strong>Autres liens<\/strong><br \/>\nCertaines pages et notamment la page Liens propose des connexions vers d\u2019autres sites web tiers en rapport avec l\u2019objet de ce site. Ces liens sont fournis pour l\u2019information des utilisateurs et leur usage est facultatif. Les \u00e9diteurs de ce site n\u2019exer\u00e7ent aucun contr\u00f4le sur ces tiers ou leurs sites web.<br \/>\nLes sites tiers poss\u00e8dent une politique de confidentialit\u00e9 qui leur est propre et qui s\u2019applique aux informations qui leur sont soumises lorsque ils sont consult\u00e9s. Il est conseill\u00e9 de lire attentivement les notices de politique de confidentialit\u00e9 de ces sites web avant de soumettre des donn\u00e9es personnelles.<br \/>\n<strong>Date de prise d\u2019effets et modifications<\/strong><br \/>\nLa pre\u0301sente notice Mentions l\u00e9gales et confidentialit\u00e9 a e\u0301te\u0301 cr\u00e9\u00e9e le 11\/07\/2012.<br \/>\nLes \u00e9diteurs du site se r\u00e9servent le droit, a\u0300 leur entie\u0300re appre\u0301ciation, de changer, modifier, ajouter ou supprimer a\u0300 tout moment des parties de la pre\u0301sente notice. Ils recommandent de consulter re\u0301gulie\u0300rement cette page pour y lire la version la plus re\u0301cente, dans la mesure ou\u0300 l\u2019utilisation de ce site apre\u0300s la publication de modifications apporte\u0301es a\u0300 la pre\u0301sente notice Mentions l\u00e9gales et politique de confidentialit\u00e9 impliquera la reconnaissance par l\u2019utilisateur de ces modifications.<br \/>\nLa pre\u0301sente notice Mentions l\u00e9gales et politique de confidentialit\u00e9 a e\u0301te\u0301 mise a\u0300 jour le 05\/06\/2019.<\/p>\n<p>Retourner \u00e0 :\u00a0<a title=\"Accueil\" href=\"https:\/\/www.soustons-noms-lieux.fr\/\">Accueil<\/a><\/p>\n","protected":false},"excerpt":{"rendered":"<p>Site http :\/\/www.soustons-noms-lieux.fr \u00c9diteurs Alain CASTAIGNOS, Laurens, 376 chemin de Laurens, 40140 SOUSTONS Andr\u00e9 LABERTIT, Mayrane, chemin de Jus, 40140 SOUSTONS Administrateur du site\u00a0: Alain CASTAIGNOS D\u00e9l\u00e9gu\u00e9 \u00e0 la protection des donn\u00e9es\u00a0: Alain CASTAIGNOS e-mail\u00a0: soustons.nl@free.fr H\u00e9bergeur Raison sociale\u00a0: OVH &hellip; <a href=\"https:\/\/www.soustons-noms-lieux.fr\/?page_id=1169\">Continuer la lecture <span class=\"meta-nav\">&rarr;<\/span><\/a><\/p>\n","protected":false},"author":1,"featured_media":0,"parent":0,"menu_order":990,"comment_status":"closed","ping_status":"closed","template":"onecolumn-page.php","meta":{"ngg_post_thumbnail":0,"footnotes":""},"class_list":["post-1169","page","type-page","status-publish","hentry"],"_links":{"self":[{"href":"https:\/\/www.soustons-noms-lieux.fr\/index.php?rest_route=\/wp\/v2\/pages\/1169","targetHints":{"allow":["GET"]}}],"collection":[{"href":"https:\/\/www.soustons-noms-lieux.fr\/index.php?rest_route=\/wp\/v2\/pages"}],"about":[{"href":"https:\/\/www.soustons-noms-lieux.fr\/index.php?rest_route=\/wp\/v2\/types\/page"}],"author":[{"embeddable":true,"href":"https:\/\/www.soustons-noms-lieux.fr\/index.php?rest_route=\/wp\/v2\/users\/1"}],"replies":[{"embeddable":true,"href":"https:\/\/www.soustons-noms-lieux.fr\/index.php?rest_route=%2Fwp%2Fv2%2Fcomments&post=1169"}],"version-history":[{"count":14,"href":"https:\/\/www.soustons-noms-lieux.fr\/index.php?rest_route=\/wp\/v2\/pages\/1169\/revisions"}],"predecessor-version":[{"id":6826,"href":"https:\/\/www.soustons-noms-lieux.fr\/index.php?rest_route=\/wp\/v2\/pages\/1169\/revisions\/6826"}],"wp:attachment":[{"href":"https:\/\/www.soustons-noms-lieux.fr\/index.php?rest_route=%2Fwp%2Fv2%2Fmedia&parent=1169"}],"curies":[{"name":"wp","href":"https:\/\/api.w.org\/{rel}","templated":true}]}}