{"id":1554,"date":"2012-12-15T04:05:09","date_gmt":"2012-12-15T04:05:09","guid":{"rendered":"http:\/\/www.soustons-noms-lieux.fr\/?page_id=1554"},"modified":"2018-01-01T16:28:49","modified_gmt":"2018-01-01T16:28:49","slug":"grande-note-de-nom","status":"publish","type":"page","link":"https:\/\/www.soustons-noms-lieux.fr\/?page_id=1554","title":{"rendered":"La grande note de nom (mode d&#8217;emploi)"},"content":{"rendered":"<p style=\"text-align: justify;\">Dans le cas o\u00f9 la discussion de la signification d&rsquo;un nom exc\u00e8de la taille de la notice explicative de la fiche de nom, un renvoi est fait \u00e0 une \u00ab&nbsp;grande note&nbsp;\u00bb. Le lien avec cette note figure \u00e0 la suite du nom de lieu dans la page \u00ab&nbsp;Noms de lieux&nbsp;\u00bb.<\/p>\n<p>Retourner \u00e0 : <a href=\"https:\/\/www.soustons-noms-lieux.fr\/?page_id=451\" target=\"_blank\" rel=\"noopener noreferrer\">Mode d&#8217;emploi<\/a><\/p>\n<p>Retourner \u00e0 :&nbsp;<a title=\"Accueil\" href=\"https:\/\/www.soustons-noms-lieux.fr\/\" target=\"_blank\" rel=\"noopener noreferrer\">Accueil<\/a><\/p>\n<p>&nbsp;<\/p>\n","protected":false},"excerpt":{"rendered":"<p>Dans le cas o\u00f9 la discussion de la signification d&rsquo;un nom exc\u00e8de la taille de la notice explicative de la fiche de nom, un renvoi est fait \u00e0 une \u00ab&nbsp;grande note&nbsp;\u00bb. Le lien avec cette note figure \u00e0 la suite &hellip; <a href=\"https:\/\/www.soustons-noms-lieux.fr\/?page_id=1554\">Continuer la lecture <span class=\"meta-nav\">&rarr;<\/span><\/a><\/p>\n","protected":false},"author":1,"featured_media":0,"parent":451,"menu_order":450,"comment_status":"closed","ping_status":"closed","template":"onecolumn-page.php","meta":{"ngg_post_thumbnail":0,"footnotes":""},"class_list":["post-1554","page","type-page","status-publish","hentry"],"_links":{"self":[{"href":"https:\/\/www.soustons-noms-lieux.fr\/index.php?rest_route=\/wp\/v2\/pages\/1554","targetHints":{"allow":["GET"]}}],"collection":[{"href":"https:\/\/www.soustons-noms-lieux.fr\/index.php?rest_route=\/wp\/v2\/pages"}],"about":[{"href":"https:\/\/www.soustons-noms-lieux.fr\/index.php?rest_route=\/wp\/v2\/types\/page"}],"author":[{"embeddable":true,"href":"https:\/\/www.soustons-noms-lieux.fr\/index.php?rest_route=\/wp\/v2\/users\/1"}],"replies":[{"embeddable":true,"href":"https:\/\/www.soustons-noms-lieux.fr\/index.php?rest_route=%2Fwp%2Fv2%2Fcomments&post=1554"}],"version-history":[{"count":2,"href":"https:\/\/www.soustons-noms-lieux.fr\/index.php?rest_route=\/wp\/v2\/pages\/1554\/revisions"}],"predecessor-version":[{"id":6680,"href":"https:\/\/www.soustons-noms-lieux.fr\/index.php?rest_route=\/wp\/v2\/pages\/1554\/revisions\/6680"}],"up":[{"embeddable":true,"href":"https:\/\/www.soustons-noms-lieux.fr\/index.php?rest_route=\/wp\/v2\/pages\/451"}],"wp:attachment":[{"href":"https:\/\/www.soustons-noms-lieux.fr\/index.php?rest_route=%2Fwp%2Fv2%2Fmedia&parent=1554"}],"curies":[{"name":"wp","href":"https:\/\/api.w.org\/{rel}","templated":true}]}}