{"id":182,"date":"2011-11-13T23:15:05","date_gmt":"2011-11-13T23:15:05","guid":{"rendered":"http:\/\/www.soustons-noms-lieux.fr\/?page_id=182"},"modified":"2018-01-01T10:39:16","modified_gmt":"2018-01-01T10:39:16","slug":"les-sources","status":"publish","type":"page","link":"https:\/\/www.soustons-noms-lieux.fr\/?page_id=182","title":{"rendered":"Les sources"},"content":{"rendered":"<p style=\"text-align: justify;\">Ce dossier s&rsquo;inscrit dans un projet de conservation du patrimoine soustonnais. Il aborde les aspects topographique et linguistique. Les noms de lieux de Soustons \u2013 comme ceux de l&rsquo;ensemble du territoire gascon \u2013 se r\u00e9f\u00e8rent en g\u00e9n\u00e9ral \u00e0&nbsp;la langue gasconne.<\/p>\n<p style=\"text-align: justify;\">Toutefois, le crit\u00e8re retenu pour accueillir un nom n&rsquo;est pas exclusivement l&rsquo;appartenance au gascon. Bien que la plupart des noms recens\u00e9s soient gascons, on rel\u00e8ve, y compris dans des sources anciennes, des noms qui proc\u00e8dent du fran\u00e7ais. Nous ne les excluons pas : ils font eux aussi partie du patrimoine toponymique soustonnais. \u00c0 ce titre, ils peuvent renseigner sur l&rsquo;\u00e9volution des pratiques linguistiques dans la commune.<\/p>\n<p style=\"text-align: justify;\">Les sources n&rsquo;ont pas \u00e9t\u00e9 choisies en fonction de leur anciennet\u00e9. C&rsquo;e\u00fbt \u00e9t\u00e9 nous priver d&rsquo;outils r\u00e9cents, tel le dernier cadastre ou les cartes de l&rsquo;Institut g\u00e9ographique national (IGN). Le cadastre rec\u00e8le des noms absents des autres sources \u00e9crites consult\u00e9es et les cartes de l&rsquo;IGN sont utiles pour la localisation.<\/p>\n<p style=\"text-align: justify;\">Toutes les sources actuellement disponibles (annuaires t\u00e9l\u00e9phoniques, r\u00e9pertoires d&rsquo;adresses\u2026)&nbsp;n&rsquo;ont pas \u00e9t\u00e9 syst\u00e9matiquement d\u00e9pouill\u00e9es : on y retrouve beaucoup de noms d\u00e9j\u00e0 recueillis par ailleurs et leur d\u00e9pouillement aurait entra\u00een\u00e9 un travail important et, selon nous, peu productif. Elles fourmillent de noms renvoyant aux modes actuelles, de noms de fantaisies (\u00ab\u00a0Rue des Mimosas\u00a0\u00bb, \u00ab\u00a0Impasse des Chevreuils\u00a0\u00bb, \u00ab\u00a0Do-Mi-Si-La-Do-R\u00e9\u00a0\u00bb) d\u00e9pourvus pour nous d&rsquo;int\u00e9r\u00eat. Quand ces d\u00e9signations prennent la place de noms anciens, c&rsquo;est un cr\u00e8ve-coeur (La Renardi\u00e8re au lieu de La Bran\u00e8re, par exemple).<\/p>\n<p style=\"text-align: justify;\">Tous les noms retenus proviennent des sources anciennes qui nous ont \u00e9t\u00e9 accessibles et des sources r\u00e9centes et actuelles qui nous ont paru r\u00e9pondre \u00e0 l&rsquo;objet de ce travail. La liste en est donn\u00e9e en annexe.<\/p>\n<p style=\"text-align: justify;\">Voir :&nbsp;<a href=\"https:\/\/www.soustons-noms-lieux.fr\/wp-content\/uploads\/40 documentation\/sources-liste-121231.pdf\" target=\"_blank\" rel=\"noopener noreferrer\">La liste des sources<\/a><\/p>\n<p>Retourner \u00e0 :&nbsp;<a title=\"La fiche de nom\" href=\"https:\/\/www.soustons-noms-lieux.fr\/?page_id=142\" target=\"_blank\" rel=\"noopener noreferrer\">Documentation<\/a><\/p>\n<p>Aller \u00e0 :&nbsp;<a title=\"Accueil\" href=\"https:\/\/www.soustons-noms-lieux.fr\/\" target=\"_blank\" rel=\"noopener noreferrer\">Accueil<\/a><\/p>\n","protected":false},"excerpt":{"rendered":"<p>Ce dossier s&rsquo;inscrit dans un projet de conservation du patrimoine soustonnais. Il aborde les aspects topographique et linguistique. Les noms de lieux de Soustons \u2013 comme ceux de l&rsquo;ensemble du territoire gascon \u2013 se r\u00e9f\u00e8rent en g\u00e9n\u00e9ral \u00e0&nbsp;la langue gasconne. &hellip; <a href=\"https:\/\/www.soustons-noms-lieux.fr\/?page_id=182\">Continuer la lecture <span class=\"meta-nav\">&rarr;<\/span><\/a><\/p>\n","protected":false},"author":1,"featured_media":0,"parent":142,"menu_order":510,"comment_status":"closed","ping_status":"closed","template":"onecolumn-page.php","meta":{"ngg_post_thumbnail":0,"footnotes":""},"class_list":["post-182","page","type-page","status-publish","hentry"],"_links":{"self":[{"href":"https:\/\/www.soustons-noms-lieux.fr\/index.php?rest_route=\/wp\/v2\/pages\/182","targetHints":{"allow":["GET"]}}],"collection":[{"href":"https:\/\/www.soustons-noms-lieux.fr\/index.php?rest_route=\/wp\/v2\/pages"}],"about":[{"href":"https:\/\/www.soustons-noms-lieux.fr\/index.php?rest_route=\/wp\/v2\/types\/page"}],"author":[{"embeddable":true,"href":"https:\/\/www.soustons-noms-lieux.fr\/index.php?rest_route=\/wp\/v2\/users\/1"}],"replies":[{"embeddable":true,"href":"https:\/\/www.soustons-noms-lieux.fr\/index.php?rest_route=%2Fwp%2Fv2%2Fcomments&post=182"}],"version-history":[{"count":1,"href":"https:\/\/www.soustons-noms-lieux.fr\/index.php?rest_route=\/wp\/v2\/pages\/182\/revisions"}],"predecessor-version":[{"id":6637,"href":"https:\/\/www.soustons-noms-lieux.fr\/index.php?rest_route=\/wp\/v2\/pages\/182\/revisions\/6637"}],"up":[{"embeddable":true,"href":"https:\/\/www.soustons-noms-lieux.fr\/index.php?rest_route=\/wp\/v2\/pages\/142"}],"wp:attachment":[{"href":"https:\/\/www.soustons-noms-lieux.fr\/index.php?rest_route=%2Fwp%2Fv2%2Fmedia&parent=182"}],"curies":[{"name":"wp","href":"https:\/\/api.w.org\/{rel}","templated":true}]}}