{"id":2287,"date":"2012-12-30T00:42:24","date_gmt":"2012-12-30T00:42:24","guid":{"rendered":"http:\/\/www.soustons-noms-lieux.fr\/?page_id=2287"},"modified":"2013-11-18T13:45:35","modified_gmt":"2013-11-18T13:45:35","slug":"aide-technique","status":"publish","type":"page","link":"https:\/\/www.soustons-noms-lieux.fr\/?page_id=2287","title":{"rendered":"Aide technique"},"content":{"rendered":"<p>Format des fichiers consultables :<\/p>\n<p>.pdf (Portable Document Format) pour les fichiers de texte et les fichiers composites,<\/p>\n<p>.jpg pour les images,<\/p>\n<p>.mp3 pour les sons.<\/p>\n<p style=\"text-align: justify;\">Veiller \u00e0 param\u00e9trer, s&rsquo;il y a lieu, le navigateur pour ouvrir ces types de contenus et disposer d&rsquo;applications permettant de les consulter. Par exemple, pour les fichiers .pdf : l&rsquo;application Adobe Reader, t\u00e9l\u00e9chargeable gratuitement \u00e0 l&rsquo;adresse<a href=\"http:\/\/get.adobe.com\/fr\/reader\/\" target=\"_blank\"> http:\/\/get.adobe.com\/fr\/reader\/<\/a><\/p>\n<p style=\"text-align: justify;\">Retourner \u00e0 :\u00a0<a title=\"Accueil\" href=\"https:\/\/www.soustons-noms-lieux.fr\/\">Accueil<\/a><\/p>\n","protected":false},"excerpt":{"rendered":"<p>Format des fichiers consultables : .pdf (Portable Document Format) pour les fichiers de texte et les fichiers composites, .jpg pour les images, .mp3 pour les sons. Veiller \u00e0 param\u00e9trer, s&rsquo;il y a lieu, le navigateur pour ouvrir ces types de &hellip; <a href=\"https:\/\/www.soustons-noms-lieux.fr\/?page_id=2287\">Continuer la lecture <span class=\"meta-nav\">&rarr;<\/span><\/a><\/p>\n","protected":false},"author":1,"featured_media":0,"parent":0,"menu_order":960,"comment_status":"closed","ping_status":"closed","template":"onecolumn-page.php","meta":{"ngg_post_thumbnail":0,"footnotes":""},"class_list":["post-2287","page","type-page","status-publish","hentry"],"_links":{"self":[{"href":"https:\/\/www.soustons-noms-lieux.fr\/index.php?rest_route=\/wp\/v2\/pages\/2287","targetHints":{"allow":["GET"]}}],"collection":[{"href":"https:\/\/www.soustons-noms-lieux.fr\/index.php?rest_route=\/wp\/v2\/pages"}],"about":[{"href":"https:\/\/www.soustons-noms-lieux.fr\/index.php?rest_route=\/wp\/v2\/types\/page"}],"author":[{"embeddable":true,"href":"https:\/\/www.soustons-noms-lieux.fr\/index.php?rest_route=\/wp\/v2\/users\/1"}],"replies":[{"embeddable":true,"href":"https:\/\/www.soustons-noms-lieux.fr\/index.php?rest_route=%2Fwp%2Fv2%2Fcomments&post=2287"}],"version-history":[{"count":0,"href":"https:\/\/www.soustons-noms-lieux.fr\/index.php?rest_route=\/wp\/v2\/pages\/2287\/revisions"}],"wp:attachment":[{"href":"https:\/\/www.soustons-noms-lieux.fr\/index.php?rest_route=%2Fwp%2Fv2%2Fmedia&parent=2287"}],"curies":[{"name":"wp","href":"https:\/\/api.w.org\/{rel}","templated":true}]}}