{"id":2297,"date":"2012-12-30T01:08:54","date_gmt":"2012-12-30T01:08:54","guid":{"rendered":"http:\/\/www.soustons-noms-lieux.fr\/?page_id=2297"},"modified":"2016-03-01T17:44:55","modified_gmt":"2016-03-01T17:44:55","slug":"mises-a-jour","status":"publish","type":"page","link":"https:\/\/www.soustons-noms-lieux.fr\/?page_id=2297","title":{"rendered":"Historique des mises \u00e0 jour"},"content":{"rendered":"<p>&nbsp;<br \/>\n29\/02\/2016<br \/>\n<i>Nouvelles fiches de nom :<\/i><br \/>\nArmagnacs (Les), Barrail, Barre, Barreillot, Barr\u00e8re, Bourguignon, Costemale, Laborde, Piche-Chic, Pichegarie, Pierron (Le), Pinton, Place (La), Pointe des Vergnes, Tuc (Le).<br \/>\n\u2014<br \/>\n<i>De nouvelles photos.<\/i><br \/>\n\u2014<br \/>\n10\/02\/2015<br \/>\n<i>Nouvelles fiches de nom :<\/i><br \/>\nAigue de Bie, Bathurt (fiche et\u00a0grande note), Bire Plecq, Catiou, Gnoy (Le), Junca (Le),Laurens, Mathe du Bec (La), Moulin Neuf,Not, Pey (Le), Plecq (Le).<br \/>\n\u2014<br \/>\n<i>Autres notes :<\/i><br \/>\n\u00c9volution de la diphtongue <i>au \u2026<\/i><br \/>\n\/ch\/ dans le parler de Soustons<br \/>\n&#8212;<br \/>\n05\/11\/2013<br \/>\nNouvelles fiches de nom :<br \/>\nGoyac, Le Guin, Lahountine, Mora, Pascou, P\u00e9dol\u00e9, Perrou, P\u00e8s, Pesquit, Petit, Peyrouticq.<br \/>\n&#8212;<br \/>\nCr\u00e9ation de galeries de photos :<br \/>\nBergan, Bergeron, Bibic, Bitcheroun, Brousmaout, Cancholle, Le Canton, Cassini, Catan, Catiou, Chon, Chuc, Coud\u00e8re, Coulaou, Couloum, Couyrac, Dupiec, L&rsquo;\u00c9tang Blanc, Fray, Le Gnoy, Gouyic, Hardy, Jacques, Jouan, Jouanon, Lafille, Lahouse, Laurens, Lefargue, Lessalle, Maisonbasse, March\u00e9, Marthian, La Mathe du Bec, Mercade, P\u00e8s, Pinton, Piqu\u00e8re, Pointe des Vergnes, Poul\u00e9, Poune, Pouyanne, Puntau, Purguete, Le Rey, Rouch\u00e9ou, Saint P\u00e9 Semp\u00e9, Sistou, Tan, Le Thio, Tournier, Le Vic.<br \/>\n\u2014\u2014\u2014\u2014\u2014-<br \/>\n06\/03\/2013<br \/>\nNouvelles fiches de noms : Puntau, Gaillou de Puntau.<br \/>\n\u2014\u2014\u2014\u2014\u2014-<br \/>\n09\/02\/2013<br \/>\nCr\u00e9ation du site : 150 fiches de noms de lieux.<\/p>\n<p>Retourner \u00e0 :\u00a0<a title=\"Accueil\" href=\"https:\/\/www.soustons-noms-lieux.fr\/\">Accueil<\/a><\/p>\n","protected":false},"excerpt":{"rendered":"<p>&nbsp; 29\/02\/2016 Nouvelles fiches de nom : Armagnacs (Les), Barrail, Barre, Barreillot, Barr\u00e8re, Bourguignon, Costemale, Laborde, Piche-Chic, Pichegarie, Pierron (Le), Pinton, Place (La), Pointe des Vergnes, Tuc (Le). \u2014 De nouvelles photos. \u2014 10\/02\/2015 Nouvelles fiches de nom : Aigue &hellip; <a href=\"https:\/\/www.soustons-noms-lieux.fr\/?page_id=2297\">Continuer la lecture <span class=\"meta-nav\">&rarr;<\/span><\/a><\/p>\n","protected":false},"author":1,"featured_media":0,"parent":0,"menu_order":970,"comment_status":"closed","ping_status":"closed","template":"onecolumn-page.php","meta":{"ngg_post_thumbnail":0,"footnotes":""},"class_list":["post-2297","page","type-page","status-publish","hentry"],"_links":{"self":[{"href":"https:\/\/www.soustons-noms-lieux.fr\/index.php?rest_route=\/wp\/v2\/pages\/2297","targetHints":{"allow":["GET"]}}],"collection":[{"href":"https:\/\/www.soustons-noms-lieux.fr\/index.php?rest_route=\/wp\/v2\/pages"}],"about":[{"href":"https:\/\/www.soustons-noms-lieux.fr\/index.php?rest_route=\/wp\/v2\/types\/page"}],"author":[{"embeddable":true,"href":"https:\/\/www.soustons-noms-lieux.fr\/index.php?rest_route=\/wp\/v2\/users\/1"}],"replies":[{"embeddable":true,"href":"https:\/\/www.soustons-noms-lieux.fr\/index.php?rest_route=%2Fwp%2Fv2%2Fcomments&post=2297"}],"version-history":[{"count":3,"href":"https:\/\/www.soustons-noms-lieux.fr\/index.php?rest_route=\/wp\/v2\/pages\/2297\/revisions"}],"predecessor-version":[{"id":5330,"href":"https:\/\/www.soustons-noms-lieux.fr\/index.php?rest_route=\/wp\/v2\/pages\/2297\/revisions\/5330"}],"wp:attachment":[{"href":"https:\/\/www.soustons-noms-lieux.fr\/index.php?rest_route=%2Fwp%2Fv2%2Fmedia&parent=2297"}],"curies":[{"name":"wp","href":"https:\/\/api.w.org\/{rel}","templated":true}]}}