{"id":238,"date":"2011-11-15T22:10:25","date_gmt":"2011-11-15T22:10:25","guid":{"rendered":"http:\/\/www.soustons-noms-lieux.fr\/?page_id=238"},"modified":"2024-08-22T21:57:03","modified_gmt":"2024-08-22T21:57:03","slug":"new-page","status":"publish","type":"page","link":"https:\/\/www.soustons-noms-lieux.fr\/","title":{"rendered":"Accueil"},"content":{"rendered":"<h2><a href=\"https:\/\/www.soustons-noms-lieux.fr\/wp-content\/uploads\/\/1%20accueil bannieres\/nouvel-accueil-texte-v5-developpe-zoom.pdf\" target=\"_blank\" rel=\"noopener noreferrer\"><img loading=\"lazy\" decoding=\"async\" class=\"alignleft size-full wp-image-4164\" src=\"https:\/\/www.soustons-noms-lieux.fr\/wp-content\/uploads\/\/1 accueil bannieres\/nouvel_accueil_texte_v5_compresse_rec2.png\" alt=\"nouvel_accueil_texte_v5_compresse_rec2\" width=\"333\" height=\"1000\" srcset=\"https:\/\/www.soustons-noms-lieux.fr\/wp-content\/uploads\/1%20accueil%20bannieres\/nouvel_accueil_texte_v5_compresse_rec2.png 333w, https:\/\/www.soustons-noms-lieux.fr\/wp-content\/uploads\/1%20accueil%20bannieres\/nouvel_accueil_texte_v5_compresse_rec2-17x50.png 17w, https:\/\/www.soustons-noms-lieux.fr\/wp-content\/uploads\/1%20accueil%20bannieres\/nouvel_accueil_texte_v5_compresse_rec2-100x300.png 100w\" sizes=\"auto, (max-width: 333px) 100vw, 333px\" \/><\/a><\/h2>\n<h2><span style=\"color: #ff0000;\">RECHERCHE RAPIDE :<\/span><\/h2>\n<p><span style=\"color: #ff0000;\">Un NOM DE LIEU<\/span>&nbsp;:<br \/>\n<span style=\"color: #ff0000;\">Que signifie-t-il ?<\/span> <a href=\"https:\/\/www.soustons-noms-lieux.fr\/?page_id=26\" target=\"_blank\" rel=\"noopener noreferrer\">Cliquer&nbsp;ici<\/a><\/p>\n<p><span style=\"color: #ff0000;\">Un LIEU-DIT :<\/span><br \/>\n<span style=\"color: #ff0000;\">Voir des photos ?<\/span> <a href=\"https:\/\/www.soustons-noms-lieux.fr\/?page_id=3101\" target=\"_blank\" rel=\"noopener noreferrer\">Cliquer ici<\/a><br \/>\n<span style=\"color: #ff0000;\">Le localiser ?<\/span> <a href=\"https:\/\/www.soustons-noms-lieux.fr\/?page_id=6602\" target=\"_blank\" rel=\"noopener noreferrer\">Cliquer ici<\/a><\/p>\n<h2>Les mises \u00e0 jour<\/h2>\n<p>01\/01\/2018<br \/>\n<em>Mise en place de la g\u00e9olocalisation des lieux-dits sur carte de l&rsquo;Institut g\u00e9ographique national (IGN).<\/em><br \/>\n\u2014<br \/>\n01\/03\/2017<br \/>\n<i>Environ 150 nouvelles galeries.<\/i><br \/>\n\u2014<br \/>\n29\/02\/2016<br \/>\n<i>Nouvelles fiches de nom :<\/i><br \/>\n<a href=\"https:\/\/www.soustons-noms-lieux.fr\/wp-content\/uploads\/\/30a fiches\/Armagnacs_Les_160110.pdf\" target=\"_blank\" rel=\"noopener noreferrer\">Armagnacs (Les)<\/a>, <a href=\"https:\/\/www.soustons-noms-lieux.fr\/wp-content\/uploads\/\/30a fiches\/Barrail_160110.pdf\" target=\"_blank\" rel=\"noopener noreferrer\">Barrail<\/a>, <a href=\"https:\/\/www.soustons-noms-lieux.fr\/wp-content\/uploads\/\/30a fiches\/Barre_160110.pdf\" target=\"_blank\" rel=\"noopener noreferrer\">Barre<\/a>, <a href=\"https:\/\/www.soustons-noms-lieux.fr\/wp-content\/uploads\/\/30a fiches\/Barreillot_151230.pdf\" target=\"_blank\" rel=\"noopener noreferrer\">Barreillot<\/a>,&nbsp;<a href=\"https:\/\/www.soustons-noms-lieux.fr\/wp-content\/uploads\/\/30a fiches\/Barrere_151229.pdf\" target=\"_blank\" rel=\"noopener noreferrer\">Barrere<\/a>, <a href=\"https:\/\/www.soustons-noms-lieux.fr\/wp-content\/uploads\/\/30a fiches\/Bourguignon_150828.pdf\" target=\"_blank\" rel=\"noopener noreferrer\">Bourguignon<\/a>,&nbsp;<a href=\"https:\/\/www.soustons-noms-lieux.fr\/wp-content\/uploads\/\/30a fiches\/Costemale_150828.pdf\" target=\"_blank\" rel=\"noopener noreferrer\">Costemale<\/a>, <a href=\"https:\/\/www.soustons-noms-lieux.fr\/wp-content\/uploads\/\/30a fiches\/Laborde_150306.pdf\" target=\"_blank\" rel=\"noopener noreferrer\">Laborde<\/a>, <a href=\"https:\/\/www.soustons-noms-lieux.fr\/wp-content\/uploads\/\/30a fiches\/Piche_Chic_150920.pdf\" target=\"_blank\" rel=\"noopener noreferrer\">Piche-Chic<\/a>, <a href=\"https:\/\/www.soustons-noms-lieux.fr\/wp-content\/uploads\/\/30a fiches\/Pichegarie_150828.pdf\" target=\"_blank\" rel=\"noopener noreferrer\">Pichegarie<\/a>, <a href=\"https:\/\/www.soustons-noms-lieux.fr\/wp-content\/uploads\/\/30a fiches\/Pierron_Le_150914.pdf\" target=\"_blank\" rel=\"noopener noreferrer\">Pierron (Le)<\/a>, <a href=\"https:\/\/www.soustons-noms-lieux.fr\/wp-content\/uploads\/\/30a fiches\/Pinton_150920.pdf\" target=\"_blank\" rel=\"noopener noreferrer\">Pinton<\/a>, <a href=\"https:\/\/www.soustons-noms-lieux.fr\/wp-content\/uploads\/\/30a fiches\/Place_La_151230.pdf\" target=\"_blank\" rel=\"noopener noreferrer\">Place (La)<\/a>, <a href=\"https:\/\/www.soustons-noms-lieux.fr\/wp-content\/uploads\/\/30a fiches\/Pointe_des_Vergnes_150914.pdf\" target=\"_blank\" rel=\"noopener noreferrer\">Pointe des Vergnes<\/a>, <a href=\"https:\/\/www.soustons-noms-lieux.fr\/wp-content\/uploads\/\/30a fiches\/Tuc_Le_150927.pdf\" target=\"_blank\" rel=\"noopener noreferrer\">Tuc (Le)<\/a>.<br \/>\n\u2014<br \/>\n<i>De nouvelles photos.<\/i><br \/>\n&#8212;<br \/>\n10\/02\/2015<br \/>\n<em id=\"__mceDel\">Nouvelles fiches de nom :<\/em><br \/>\n<a href=\"https:\/\/www.soustons-noms-lieux.fr\/wp-content\/uploads\/\/30a fiches\/Aigue-de-Bie-L-140608.pdf\" target=\"_blank\" rel=\"noopener noreferrer\">Aigue de Bie<\/a>, Bathurt (<a href=\"https:\/\/www.soustons-noms-lieux.fr\/wp-content\/uploads\/\/30a fiches\/Bathurt-150213.pdf\" target=\"_blank\" rel=\"noopener noreferrer\">fiche<\/a> et&nbsp;<a href=\"https:\/\/www.soustons-noms-lieux.fr\/wp-content\/uploads\/\/30b grandes notes\/Bathurt-v7-gde-note-copie.pdf\" target=\"_blank\" rel=\"noopener noreferrer\">grande note)<\/a>, <a href=\"https:\/\/www.soustons-noms-lieux.fr\/wp-content\/uploads\/\/30a fiches\/Bire-Plecq-140608.pdf\" target=\"_blank\" rel=\"noopener noreferrer\">Bire Plecq<\/a>, <a href=\"https:\/\/www.soustons-noms-lieux.fr\/wp-content\/uploads\/\/30a fiches\/Catiou-141118.pdf\" target=\"_blank\" rel=\"noopener noreferrer\">Catiou<\/a>, <a href=\"https:\/\/www.soustons-noms-lieux.fr\/wp-content\/uploads\/\/30a fiches\/Gnoy-Le-141118.pdf\" target=\"_blank\" rel=\"noopener noreferrer\">Gnoy (Le)<\/a>, <a href=\"https:\/\/www.soustons-noms-lieux.fr\/wp-content\/uploads\/\/30a fiches\/Junca-Le-140608.pdf\" target=\"_blank\" rel=\"noopener noreferrer\">Junca (Le)<\/a>, <a href=\"https:\/\/www.soustons-noms-lieux.fr\/wp-content\/uploads\/\/30a fiches\/Laurens-141118.pdf\" target=\"_blank\" rel=\"noopener noreferrer\">Laurens<\/a>, <a href=\"https:\/\/www.soustons-noms-lieux.fr\/wp-content\/uploads\/\/30a fiches\/Mathe-du-Bec-150206.pdf\" target=\"_blank\" rel=\"noopener noreferrer\">Mathe du Bec (La)<\/a>, <a href=\"https:\/\/www.soustons-noms-lieux.fr\/wp-content\/uploads\/\/30a fiches\/Moulin-Neuf-140608.pdf\" target=\"_blank\" rel=\"noopener noreferrer\">Moulin Neuf<\/a>, <a href=\"https:\/\/www.soustons-noms-lieux.fr\/wp-content\/uploads\/\/30a fiches\/Not-140608.pdf\" target=\"_blank\" rel=\"noopener noreferrer\">Not<\/a>, <a href=\"https:\/\/www.soustons-noms-lieux.fr\/wp-content\/uploads\/\/30a fiches\/Pey-Le-141124.pdf\" target=\"_blank\" rel=\"noopener noreferrer\">Pey (Le)<\/a>, <a href=\"https:\/\/www.soustons-noms-lieux.fr\/wp-content\/uploads\/\/30a fiches\/Plecq-Le-140608.pdf\" target=\"_blank\" rel=\"noopener noreferrer\">Plecq (Le)<\/a>.<br \/>\n&#8212;<br \/>\n<em id=\"__mceDel\">Autres notes :<\/em><br \/>\n<a href=\"https:\/\/www.soustons-noms-lieux.fr\/wp-content\/uploads\/\/60 autres notes et publications\/diphtongue-au-v5-140722.pdf\" target=\"_blank\" rel=\"noopener noreferrer\">\u00c9volution de la diphtongue <em>au &#8230;<\/em><\/a><br \/>\n<a href=\"https:\/\/www.soustons-noms-lieux.fr\/wp-content\/uploads\/\/60 autres notes et publications\/phoneme-ch-1-v4-130101.pdf\" target=\"_blank\" rel=\"noopener noreferrer\">\/ch\/ dans le parler de Soustons<\/a><br \/>\n&#8212;&#8212;&#8212;&#8212;&#8212;-<br \/>\n05\/11\/2013<br \/>\n<em id=\"__mceDel\"> Nouvelles fiches de nom :<br \/>\n<a href=\"https:\/\/www.soustons-noms-lieux.fr\/wp-content\/uploads\/\/30a fiches\/Goyac-131103.pdf\" target=\"_blank\" rel=\"noopener noreferrer\">Goyac<\/a>, <a href=\"https:\/\/www.soustons-noms-lieux.fr\/wp-content\/uploads\/\/30a fiches\/Guin-Le-131012.pdf\" target=\"_blank\" rel=\"noopener noreferrer\">Le Guin<\/a>, <a href=\"https:\/\/www.soustons-noms-lieux.fr\/wp-content\/uploads\/\/30a fiches\/Lahountine-131012.pdf\" target=\"_blank\" rel=\"noopener noreferrer\">Lahountine<\/a>, <a href=\"https:\/\/www.soustons-noms-lieux.fr\/wp-content\/uploads\/\/30a fiches\/Mora-130519.pdf\" target=\"_blank\" rel=\"noopener noreferrer\">Mora<\/a>, <a href=\"https:\/\/www.soustons-noms-lieux.fr\/wp-content\/uploads\/\/30a fiches\/Pascou-131012.pdf\" target=\"_blank\" rel=\"noopener noreferrer\">Pascou<\/a>, P\u00e9dol\u00e9 (<a href=\"https:\/\/www.soustons-noms-lieux.fr\/wp-content\/uploads\/\/30a fiches\/Pedole-131024.pdf\" target=\"_blank\" rel=\"noopener noreferrer\">fiche<\/a> et <a href=\"https:\/\/www.soustons-noms-lieux.fr\/wp-content\/uploads\/\/30b grandes notes\/Pedole-gde-note-v3-131024.pdf\" target=\"_blank\" rel=\"noopener noreferrer\">grande note<\/a>), <a href=\"https:\/\/www.soustons-noms-lieux.fr\/wp-content\/uploads\/\/30a fiches\/Perrou-131012.pdf\" target=\"_blank\" rel=\"noopener noreferrer\">Perrou<\/a>, <a href=\"https:\/\/www.soustons-noms-lieux.fr\/wp-content\/uploads\/\/30a fiches\/Pes-131012.pdf\" target=\"_blank\" rel=\"noopener noreferrer\">P\u00e8s<\/a>, <a href=\"https:\/\/www.soustons-noms-lieux.fr\/wp-content\/uploads\/\/30a fiches\/Pesquit-131012.pdf\" target=\"_blank\" rel=\"noopener noreferrer\">Pesquit<\/a>, <a href=\"https:\/\/www.soustons-noms-lieux.fr\/wp-content\/uploads\/\/30a fiches\/Petit-131012.pdf\" target=\"_blank\" rel=\"noopener noreferrer\">Petit<\/a>, <a href=\"https:\/\/www.soustons-noms-lieux.fr\/wp-content\/uploads\/\/30a fiches\/Peyrouticq-131025.pdf\" target=\"_blank\" rel=\"noopener noreferrer\">Peyrouticq<\/a>.<br \/>\n&#8212;<br \/>\nCr\u00e9ation de galeries de photos :<br \/>\nBergan, Bergeron, Bibic, Bitcheroun, Brousmaout, Cancholle, Le Canton, Cassini, Catan, Catiou, Chon, Chuc, Coud\u00e8re, Coulaou, Couloum, Couyrac, Dupiec, L&rsquo;\u00c9tang Blanc, Fray, Le Gnoy, Gouyic, Hardy, Jacques, Jouan, Jouanon, Lafille, Lahouse, Laurens, Lefargue, Lessalle, Maisonbasse, March\u00e9, Marthian, La Mathe du Bec, Mercade, P\u00e8s, Pinton, Piqu\u00e8re, Pointe des Vergnes, Poul\u00e9, Poune, Pouyanne, Puntau, Purguete, Le Rey, Rouch\u00e9ou, Saint P\u00e9 Semp\u00e9, Sistou, Tan, Le Thio, Tournier, Le Vic.<br \/>\n<a href=\"https:\/\/www.soustons-noms-lieux.fr\/?page_id=3101#haut\" target=\"_blank\" rel=\"noopener noreferrer\">Voir les galeries<\/a><br \/>\n&#8212;&#8212;&#8212;&#8212;&#8212;-<br \/>\n06\/03\/2013<br \/>\nNouvelles fiches de noms : Puntau, Gaillou de Puntau.<br \/>\n&#8212;&#8212;&#8212;&#8212;&#8212;-<br \/>\n09\/02\/2013<br \/>\nCr\u00e9ation du site : 150 fiches de noms de lieux.<\/em><\/p>\n<p align=\"right\">________________________________________________________________<\/p>\n<p align=\"JUSTIFY\">En savoir plus sur Soustons : voir&nbsp;<a title=\"site municipal\" href=\"http:\/\/www.mairie-soustons.fr\/\" target=\"_blank\" rel=\"noopener noreferrer\"><em>le site officiel de la ville de Soustons<\/em><\/a><\/p>\n<p><a title=\"Contact\" href=\"https:\/\/www.soustons-noms-lieux.fr\/?page_id=1365\" target=\"_blank\" rel=\"noopener noreferrer\"> <em>Nous contacter<\/em><\/a><\/p>\n<p><strong style=\"font-size: 16px;\">&nbsp;<\/strong><\/p>\n","protected":false},"excerpt":{"rendered":"<p>RECHERCHE RAPIDE : Un NOM DE LIEU&nbsp;: Que signifie-t-il ? Cliquer&nbsp;ici Un LIEU-DIT : Voir des photos ? Cliquer ici Le localiser ? Cliquer ici Les mises \u00e0 jour 01\/01\/2018 Mise en place de la g\u00e9olocalisation des lieux-dits sur carte &hellip; <a href=\"https:\/\/www.soustons-noms-lieux.fr\/\">Continuer la lecture <span class=\"meta-nav\">&rarr;<\/span><\/a><\/p>\n","protected":false},"author":1,"featured_media":0,"parent":0,"menu_order":1,"comment_status":"closed","ping_status":"closed","template":"","meta":{"ngg_post_thumbnail":0,"footnotes":""},"class_list":["post-238","page","type-page","status-publish","hentry"],"_links":{"self":[{"href":"https:\/\/www.soustons-noms-lieux.fr\/index.php?rest_route=\/wp\/v2\/pages\/238","targetHints":{"allow":["GET"]}}],"collection":[{"href":"https:\/\/www.soustons-noms-lieux.fr\/index.php?rest_route=\/wp\/v2\/pages"}],"about":[{"href":"https:\/\/www.soustons-noms-lieux.fr\/index.php?rest_route=\/wp\/v2\/types\/page"}],"author":[{"embeddable":true,"href":"https:\/\/www.soustons-noms-lieux.fr\/index.php?rest_route=\/wp\/v2\/users\/1"}],"replies":[{"embeddable":true,"href":"https:\/\/www.soustons-noms-lieux.fr\/index.php?rest_route=%2Fwp%2Fv2%2Fcomments&post=238"}],"version-history":[{"count":49,"href":"https:\/\/www.soustons-noms-lieux.fr\/index.php?rest_route=\/wp\/v2\/pages\/238\/revisions"}],"predecessor-version":[{"id":7182,"href":"https:\/\/www.soustons-noms-lieux.fr\/index.php?rest_route=\/wp\/v2\/pages\/238\/revisions\/7182"}],"wp:attachment":[{"href":"https:\/\/www.soustons-noms-lieux.fr\/index.php?rest_route=%2Fwp%2Fv2%2Fmedia&parent=238"}],"curies":[{"name":"wp","href":"https:\/\/api.w.org\/{rel}","templated":true}]}}