{"id":250,"date":"2011-11-15T22:19:14","date_gmt":"2011-11-15T22:19:14","guid":{"rendered":"http:\/\/www.soustons-noms-lieux.fr\/?page_id=250"},"modified":"2018-01-01T10:40:22","modified_gmt":"2018-01-01T10:40:22","slug":"abreviations","status":"publish","type":"page","link":"https:\/\/www.soustons-noms-lieux.fr\/?page_id=250","title":{"rendered":"Signes et abr\u00e9viations"},"content":{"rendered":"<h1>Signes<\/h1>\n<p>Mot en caract\u00e8res <strong>gras&nbsp;: <\/strong>indique une entr\u00e9e de nom de lieu dans le dossier.<\/p>\n<p>Mot en <em>italiques<\/em> et entre guillemets simples droits &lsquo;&nbsp;&lsquo;&nbsp;: indique la graphie d&rsquo;un mot gascon telle que relev\u00e9e dans une source ou dans un ouvrage.<\/p>\n<p>Mot en <em>italiques<\/em> : mot autre que fran\u00e7ais, y compris mot gascon sous la forme de la graphie occitane normalis\u00e9e.<\/p>\n<p>Le titre d&rsquo;un ouvrage cit\u00e9 est en <em>italiques<\/em><\/p>\n<p>Mot entre guillemets \u00ab \u00bb&nbsp;: indique l&rsquo;\u00e9quivalent fran\u00e7ais d&rsquo;un mot gascon ou d&rsquo;une autre langue.<\/p>\n<p>Ast\u00e9risque (*) pr\u00e9c\u00e9dant un mot&nbsp;: indique une reconstitution hypoth\u00e9tique, g\u00e9n\u00e9ralement d&rsquo;un terme du latin parl\u00e9 populaire ou d&rsquo;un \u00e9tymon pr\u00e9-roman.<\/p>\n<p>Ast\u00e9risque (*) \u00e0 la fin d&rsquo;un mot&nbsp;: renvoie \u00e0 une explication de ce mot dans la page Lexique de mots sp\u00e9cialis\u00e9s.<\/p>\n<p style=\"text-align: justify;\">Les citations : une citation courte est inscrite dans le cours du texte,&nbsp;entre&nbsp;guillemets \u00ab \u00bb. Une citation longue fait l&rsquo;objet d&rsquo;un paragraphe particulier, avec retrait et taille de caract\u00e8re inf\u00e9rieure. Dans une citation, le signe (&#8230;) indique qu&rsquo;une partie du texte original est omise, une mention entre crochets [ ] est une explication ou un commentaire ajout\u00e9s au texte cit\u00e9.<\/p>\n<h1>Abr\u00e9viations<\/h1>\n<p>Cf. : latin <em>confer<\/em>&nbsp;\u00ab comparer \u00bb.<\/p>\n<p><em>Ib<\/em>., <em>Ibid<\/em>. : latin <em>Ibidem&nbsp;<\/em>\u00ab au m\u00eame endroit, dans le m\u00eame ouvrage \u00bb, pour un ouvrage d\u00e9j\u00e0 cit\u00e9.<\/p>\n<p>n. l. : dans la Fiche de nom\/Section Localisation\/Cadastre et IGN, &lsquo;n. l.&rsquo; indique que le lieu-dit n&rsquo;a pu \u00eatre localis\u00e9.<\/p>\n<p>s. m. : substantif masculin.<\/p>\n<p>s. f. : substantif f\u00e9minin.<\/p>\n<p style=\"text-align: left;\">&nbsp;________________________________________________________________<\/p>\n<p>Retourner \u00e0 :&nbsp;<a title=\"La fiche de nom\" href=\"https:\/\/www.soustons-noms-lieux.fr\/?page_id=142\">Documentation<\/a><\/p>\n<p>Aller \u00e0 :&nbsp;<a title=\"Accueil\" href=\"https:\/\/www.soustons-noms-lieux.fr\/\">Accueil<\/a><\/p>\n","protected":false},"excerpt":{"rendered":"<p>Signes Mot en caract\u00e8res gras&nbsp;: indique une entr\u00e9e de nom de lieu dans le dossier. Mot en italiques et entre guillemets simples droits &lsquo;&nbsp;&lsquo;&nbsp;: indique la graphie d&rsquo;un mot gascon telle que relev\u00e9e dans une source ou dans un ouvrage. &hellip; <a href=\"https:\/\/www.soustons-noms-lieux.fr\/?page_id=250\">Continuer la lecture <span class=\"meta-nav\">&rarr;<\/span><\/a><\/p>\n","protected":false},"author":1,"featured_media":0,"parent":142,"menu_order":550,"comment_status":"closed","ping_status":"closed","template":"onecolumn-page.php","meta":{"ngg_post_thumbnail":0,"footnotes":""},"class_list":["post-250","page","type-page","status-publish","hentry"],"_links":{"self":[{"href":"https:\/\/www.soustons-noms-lieux.fr\/index.php?rest_route=\/wp\/v2\/pages\/250","targetHints":{"allow":["GET"]}}],"collection":[{"href":"https:\/\/www.soustons-noms-lieux.fr\/index.php?rest_route=\/wp\/v2\/pages"}],"about":[{"href":"https:\/\/www.soustons-noms-lieux.fr\/index.php?rest_route=\/wp\/v2\/types\/page"}],"author":[{"embeddable":true,"href":"https:\/\/www.soustons-noms-lieux.fr\/index.php?rest_route=\/wp\/v2\/users\/1"}],"replies":[{"embeddable":true,"href":"https:\/\/www.soustons-noms-lieux.fr\/index.php?rest_route=%2Fwp%2Fv2%2Fcomments&post=250"}],"version-history":[{"count":1,"href":"https:\/\/www.soustons-noms-lieux.fr\/index.php?rest_route=\/wp\/v2\/pages\/250\/revisions"}],"predecessor-version":[{"id":6640,"href":"https:\/\/www.soustons-noms-lieux.fr\/index.php?rest_route=\/wp\/v2\/pages\/250\/revisions\/6640"}],"up":[{"embeddable":true,"href":"https:\/\/www.soustons-noms-lieux.fr\/index.php?rest_route=\/wp\/v2\/pages\/142"}],"wp:attachment":[{"href":"https:\/\/www.soustons-noms-lieux.fr\/index.php?rest_route=%2Fwp%2Fv2%2Fmedia&parent=250"}],"curies":[{"name":"wp","href":"https:\/\/api.w.org\/{rel}","templated":true}]}}