{"id":373,"date":"2011-12-04T14:16:15","date_gmt":"2011-12-04T14:16:15","guid":{"rendered":"http:\/\/www.soustons-noms-lieux.fr\/?page_id=373"},"modified":"2015-02-10T08:51:08","modified_gmt":"2015-02-10T08:51:08","slug":"comment-peut-on-etre-gascon%c2%a0","status":"publish","type":"page","link":"https:\/\/www.soustons-noms-lieux.fr\/?page_id=373","title":{"rendered":"Comment peut-on \u00eatre gascon\u00a0?"},"content":{"rendered":"<p style=\"text-align: justify;\"><span style=\"color: #000000;\">Cette note, r\u00e9dig\u00e9e pour un usage familial, avait pour but initial d&rsquo;expliquer aux jeunes g\u00e9n\u00e9rations qui ont des a\u00efeux gascons d&rsquo;o\u00f9 ils viennent et \u00e0 ceux qui viennent d&rsquo;ailleurs o\u00f9 ils ont eu l&rsquo;imprudence de mettre les pieds. \u00a0Peut-\u00eatre sera-t-elle utile \u00e0\u00a0<\/span><span class=\"Apple-style-span\" style=\"color: #000000;\">ceux qui ne connaissent pas la Gascogne et les gascons et qui voudraient en savoir plus.<\/span><\/p>\n<p><span class=\"Apple-style-span\" style=\"color: #000000; font-family: Baskerville, Georgia, 'Times New Roman', Times, serif; font-size: 17px; line-height: 25px;\">_______________________________________________________________________________________________________<\/span><\/p>\n<p style=\"text-align: center;\"><span class=\"Apple-style-span\" style=\"color: #000000; font-family: Baskerville, Georgia, 'Times New Roman', Times, serif; font-size: 17px; line-height: 25px;\">Alain Castaignos<\/span><\/p>\n<p style=\"text-align: center;\">COMMENT PEUT-ON \u00caTRE GASCON ?<br \/>\n<span class=\"Apple-style-span\" style=\"font-family: Georgia, 'Times New Roman', 'Bitstream Charter', Times, serif; font-size: 16px; line-height: 18px; color: #444444;\">AQUITAIN \u00a0?<\/span><br \/>\n<span class=\"Apple-style-span\" style=\"font-family: Georgia, 'Times New Roman', 'Bitstream Charter', Times, serif; font-size: 16px; line-height: 18px; color: #444444;\">LANDAIS ?<\/span><br \/>\n<span class=\"Apple-style-span\" style=\"color: #000000; font-family: Baskerville, Georgia, 'Times New Roman', Times, serif; font-size: 17px; line-height: 25px;\">_____________________________________________________<\/span><br \/>\nComment peut-on \u00eatre persan\u00a0?<br \/>\n<span style=\"color: #000000;\">Montesquieu, <em>Lettres persanes<\/em>, lettre 30, 1721.<\/span><br \/>\n<span class=\"Apple-style-span\" style=\"color: #000000; font-family: Baskerville, Georgia, 'Times New Roman', Times, serif; font-size: 17px; line-height: 25px;\">_____________________________________________________<\/span><\/p>\n<p style=\"text-align: justify;\"><span style=\"color: #000000;\">Si l&rsquo;on devait croire les dictionnaires, serait gascon celui \u00ab\u00a0qui a des traits de caract\u00e8re attribu\u00e9s aux Gascons. V.\u00a0<strong>Fanfaron, h\u00e2bleur<\/strong>. <em>Histoire de Gascon<\/em>. V.\u00a0<strong>Gasconnade<\/strong>. <em>Offre, promesse de Gascon<\/em>, qu&rsquo;on ne peut r\u00e9aliser, tenir.\u00bb<a title=\"\" href=\"#_ftn1\">[1]<\/a>\u00a0Ces propos, ne sont ni flatteurs \u2013 plut\u00f4t diffamatoires \u2013 ni surtout tr\u00e8s \u00e9clairants. Alors, comment peut-on \u00eatre Gascon ? (&#8230;)\u00a0<\/span><\/p>\n<div>\n<p><a title=\"\" href=\"#_ftnref1\">[1]<\/a>Le Petit Robert, \u00e9dition 1972.<\/p>\n<p><a href=\"https:\/\/www.soustons-noms-lieux.fr\/wp-content\/uploads\/60 autres notes et publications\/com-etre-gasc-joined.pdf\" target=\"_blank\">Lire la suite<\/a><\/p>\n<p>_______________________________________________________________________________________________________<\/p>\n<p>Retourner \u00e0 :\u00a0<a href=\"https:\/\/www.soustons-noms-lieux.fr\/?page_id=153\">Autres notes<\/a><\/p>\n<p>Aller \u00e0 :\u00a0<a title=\"Accueil\" href=\"https:\/\/www.soustons-noms-lieux.fr\/\">Accueil<\/a><\/p>\n<p><em><br \/>\n<\/em><\/p>\n<\/div>\n<p style=\"text-align: justify;\"><em><br \/>\n<\/em><\/p>\n","protected":false},"excerpt":{"rendered":"<p>Cette note, r\u00e9dig\u00e9e pour un usage familial, avait pour but initial d&rsquo;expliquer aux jeunes g\u00e9n\u00e9rations qui ont des a\u00efeux gascons d&rsquo;o\u00f9 ils viennent et \u00e0 ceux qui viennent d&rsquo;ailleurs o\u00f9 ils ont eu l&rsquo;imprudence de mettre les pieds. \u00a0Peut-\u00eatre sera-t-elle &hellip; <a href=\"https:\/\/www.soustons-noms-lieux.fr\/?page_id=373\">Continuer la lecture <span class=\"meta-nav\">&rarr;<\/span><\/a><\/p>\n","protected":false},"author":1,"featured_media":0,"parent":153,"menu_order":620,"comment_status":"closed","ping_status":"closed","template":"onecolumn-page.php","meta":{"ngg_post_thumbnail":0,"footnotes":""},"class_list":["post-373","page","type-page","status-publish","hentry"],"_links":{"self":[{"href":"https:\/\/www.soustons-noms-lieux.fr\/index.php?rest_route=\/wp\/v2\/pages\/373","targetHints":{"allow":["GET"]}}],"collection":[{"href":"https:\/\/www.soustons-noms-lieux.fr\/index.php?rest_route=\/wp\/v2\/pages"}],"about":[{"href":"https:\/\/www.soustons-noms-lieux.fr\/index.php?rest_route=\/wp\/v2\/types\/page"}],"author":[{"embeddable":true,"href":"https:\/\/www.soustons-noms-lieux.fr\/index.php?rest_route=\/wp\/v2\/users\/1"}],"replies":[{"embeddable":true,"href":"https:\/\/www.soustons-noms-lieux.fr\/index.php?rest_route=%2Fwp%2Fv2%2Fcomments&post=373"}],"version-history":[{"count":1,"href":"https:\/\/www.soustons-noms-lieux.fr\/index.php?rest_route=\/wp\/v2\/pages\/373\/revisions"}],"predecessor-version":[{"id":4079,"href":"https:\/\/www.soustons-noms-lieux.fr\/index.php?rest_route=\/wp\/v2\/pages\/373\/revisions\/4079"}],"up":[{"embeddable":true,"href":"https:\/\/www.soustons-noms-lieux.fr\/index.php?rest_route=\/wp\/v2\/pages\/153"}],"wp:attachment":[{"href":"https:\/\/www.soustons-noms-lieux.fr\/index.php?rest_route=%2Fwp%2Fv2%2Fmedia&parent=373"}],"curies":[{"name":"wp","href":"https:\/\/api.w.org\/{rel}","templated":true}]}}