{"id":4064,"date":"2015-02-09T17:49:58","date_gmt":"2015-02-09T17:49:58","guid":{"rendered":"http:\/\/www.soustons-noms-lieux.fr\/?page_id=4064"},"modified":"2015-02-10T10:08:42","modified_gmt":"2015-02-10T10:08:42","slug":"evolution-phonetique-de-la-diphtongue-au","status":"publish","type":"page","link":"https:\/\/www.soustons-noms-lieux.fr\/?page_id=4064","title":{"rendered":"Evolution phon\u00e9tique de la diphtongue au"},"content":{"rendered":"<p>Cette note fait la synth\u00e8se d&rsquo;observations recueillies par F\u00e9lix Arnaudin, Th\u00e9obald Lalanne \u2013 et par nous-m\u00eames pour les noms de lieux soustonnais \u2013 qui montrent l&rsquo;\u00e9volution de la prononciation de la diphtongue\u00a0<em>au\u00a0<\/em>dans le sud-ouest de la Gascogne et dans le parler dialectal de Soustons.<\/p>\n<p>_________________________________________________________________________________________________________________<\/p>\n<h1 lang=\"fr-FR\" align=\"CENTER\">\u00c9volution phon\u00e9tique de la diphtongue\u00a0<i>au<\/i>\u00a0dans le sud-ouest de la Gascogne et dans le parler dialectal de Soustons<\/h1>\n<p>&nbsp;<\/p>\n<p lang=\"fr-FR\">La diphtongue gasconne &lsquo;<i>aou<\/i>&lsquo; \u2013\u00a0en graphie occitane normalis\u00e9e\u00a0<i>au,<\/i>\u00a0en alphabet phon\u00e9tique international (API)\u00a0[au\u032f]\u00a0\u2013\u00a0a \u00e9volu\u00e9 vers des r\u00e9alisations plus ferm\u00e9es\u00a0principalement\u00a0en position non tonique, dans une aire situ\u00e9e \u00e0 l&rsquo;extr\u00eame sud-ouest de la Gascogne\u00a0(&#8230;)<\/p>\n<p align=\"JUSTIFY\"><a href=\"https:\/\/www.soustons-noms-lieux.fr\/wp-content\/uploads\/\/60 autres notes et publications\/diphtongue-au-v5-140722.pdf\" target=\"_blank\">Lire la suite<\/a><\/p>\n","protected":false},"excerpt":{"rendered":"<p>Cette note fait la synth\u00e8se d&rsquo;observations recueillies par F\u00e9lix Arnaudin, Th\u00e9obald Lalanne \u2013 et par nous-m\u00eames pour les noms de lieux soustonnais \u2013 qui montrent l&rsquo;\u00e9volution de la prononciation de la diphtongue\u00a0au\u00a0dans le sud-ouest de la Gascogne et dans le &hellip; <a href=\"https:\/\/www.soustons-noms-lieux.fr\/?page_id=4064\">Continuer la lecture <span class=\"meta-nav\">&rarr;<\/span><\/a><\/p>\n","protected":false},"author":1,"featured_media":0,"parent":153,"menu_order":630,"comment_status":"closed","ping_status":"closed","template":"","meta":{"ngg_post_thumbnail":0,"footnotes":""},"class_list":["post-4064","page","type-page","status-publish","hentry"],"_links":{"self":[{"href":"https:\/\/www.soustons-noms-lieux.fr\/index.php?rest_route=\/wp\/v2\/pages\/4064","targetHints":{"allow":["GET"]}}],"collection":[{"href":"https:\/\/www.soustons-noms-lieux.fr\/index.php?rest_route=\/wp\/v2\/pages"}],"about":[{"href":"https:\/\/www.soustons-noms-lieux.fr\/index.php?rest_route=\/wp\/v2\/types\/page"}],"author":[{"embeddable":true,"href":"https:\/\/www.soustons-noms-lieux.fr\/index.php?rest_route=\/wp\/v2\/users\/1"}],"replies":[{"embeddable":true,"href":"https:\/\/www.soustons-noms-lieux.fr\/index.php?rest_route=%2Fwp%2Fv2%2Fcomments&post=4064"}],"version-history":[{"count":6,"href":"https:\/\/www.soustons-noms-lieux.fr\/index.php?rest_route=\/wp\/v2\/pages\/4064\/revisions"}],"predecessor-version":[{"id":4111,"href":"https:\/\/www.soustons-noms-lieux.fr\/index.php?rest_route=\/wp\/v2\/pages\/4064\/revisions\/4111"}],"up":[{"embeddable":true,"href":"https:\/\/www.soustons-noms-lieux.fr\/index.php?rest_route=\/wp\/v2\/pages\/153"}],"wp:attachment":[{"href":"https:\/\/www.soustons-noms-lieux.fr\/index.php?rest_route=%2Fwp%2Fv2%2Fmedia&parent=4064"}],"curies":[{"name":"wp","href":"https:\/\/api.w.org\/{rel}","templated":true}]}}