{"id":4942,"date":"2016-02-27T08:35:24","date_gmt":"2016-02-27T08:35:24","guid":{"rendered":"http:\/\/www.soustons-noms-lieux.fr\/?page_id=4942"},"modified":"2018-01-01T18:07:29","modified_gmt":"2018-01-01T18:07:29","slug":"catan","status":"publish","type":"page","link":"https:\/\/www.soustons-noms-lieux.fr\/?page_id=4942","title":{"rendered":"Catan"},"content":{"rendered":"<p>Catan&nbsp;<img loading=\"lazy\" decoding=\"async\" title=\"Voir-la-fiche\" src=\"https:\/\/www.soustons-noms-lieux.fr\/wp-content\/uploads\/\/30a fiches\/Voir-la-fiche.png\" alt=\"\" width=\"14\" height=\"14\"><a href=\"https:\/\/www.soustons-noms-lieux.fr\/wp-content\/uploads\/\/30a fiches\/Catan-130102.pdf\" target=\"_blank\" rel=\"noopener noreferrer\">Voir la fiche de nom<\/a><\/p>\n<!-- index.php -->\n<div\n\tclass=\"ngg-galleryoverview\"\n\tid=\"ngg-gallery-f5af02eb0c01c2b5f9bd01d64275f2ba-1\">\n\n    \t\t<!-- Thumbnails -->\n\t\t\t\t<div id=\"ngg-image-0\" class=\"ngg-gallery-thumbnail-box\" >\n\t\t\t\t        <div class=\"ngg-gallery-thumbnail\">\n            <a href=\"https:\/\/www.soustons-noms-lieux.fr\/wp-content\/gallery\/catan\/catan-1-plan-1806-web-wm.jpg\"\n               title=\"Plan g\u00e9om\u00e9trique (1806)\"\n               data-src=\"https:\/\/www.soustons-noms-lieux.fr\/wp-content\/gallery\/catan\/catan-1-plan-1806-web-wm.jpg\"\n               data-thumbnail=\"https:\/\/www.soustons-noms-lieux.fr\/wp-content\/gallery\/catan\/thumbs\/thumbs_catan-1-plan-1806-web-wm.jpg\"\n               data-image-id=\"289\"\n               data-title=\"Catan 1\"\n               data-description=\"Plan g\u00e9om\u00e9trique (1806)\"\n               data-image-slug=\"catan-1\"\n               class=\"shutterset_f5af02eb0c01c2b5f9bd01d64275f2ba\">\n                <img\n                    title=\"Catan 1\"\n                    alt=\"Catan 1\"\n                    src=\"https:\/\/www.soustons-noms-lieux.fr\/wp-content\/gallery\/catan\/thumbs\/thumbs_catan-1-plan-1806-web-wm.jpg\"\n                    width=\"100\"\n                    height=\"75\"\n                    style=\"max-width:100%;\"\n                \/>\n            <\/a>\n        <\/div>\n\t\t\t\t\t\t\t<\/div> \n\t\t\t\n                            \n\t\t\t\t<div id=\"ngg-image-1\" class=\"ngg-gallery-thumbnail-box\" >\n\t\t\t\t        <div class=\"ngg-gallery-thumbnail\">\n            <a href=\"https:\/\/www.soustons-noms-lieux.fr\/wp-content\/gallery\/catan\/catan-2-maison-2009-ac-webi-wm.jpg\"\n               title=\"Maison, fa\u00e7ade sud (2009)\"\n               data-src=\"https:\/\/www.soustons-noms-lieux.fr\/wp-content\/gallery\/catan\/catan-2-maison-2009-ac-webi-wm.jpg\"\n               data-thumbnail=\"https:\/\/www.soustons-noms-lieux.fr\/wp-content\/gallery\/catan\/thumbs\/thumbs_catan-2-maison-2009-ac-webi-wm.jpg\"\n               data-image-id=\"290\"\n               data-title=\"Catan 2\"\n               data-description=\"Maison, fa\u00e7ade sud (2009)\"\n               data-image-slug=\"catan-2\"\n               class=\"shutterset_f5af02eb0c01c2b5f9bd01d64275f2ba\">\n                <img\n                    title=\"Catan 2\"\n                    alt=\"Catan 2\"\n                    src=\"https:\/\/www.soustons-noms-lieux.fr\/wp-content\/gallery\/catan\/thumbs\/thumbs_catan-2-maison-2009-ac-webi-wm.jpg\"\n                    width=\"100\"\n                    height=\"75\"\n                    style=\"max-width:100%;\"\n                \/>\n            <\/a>\n        <\/div>\n\t\t\t\t\t\t\t<\/div> \n\t\t\t\n                            \n\t\t\t\t<div id=\"ngg-image-2\" class=\"ngg-gallery-thumbnail-box\" >\n\t\t\t\t        <div class=\"ngg-gallery-thumbnail\">\n            <a href=\"https:\/\/www.soustons-noms-lieux.fr\/wp-content\/gallery\/catan\/catan-3-maison-plan-1999-el-web-wm.jpg\"\n               title=\"maison \u00e9l\u00e9vation fa\u00e7ade sud (\u00c9tienne Lavigne, 1999)\"\n               data-src=\"https:\/\/www.soustons-noms-lieux.fr\/wp-content\/gallery\/catan\/catan-3-maison-plan-1999-el-web-wm.jpg\"\n               data-thumbnail=\"https:\/\/www.soustons-noms-lieux.fr\/wp-content\/gallery\/catan\/thumbs\/thumbs_catan-3-maison-plan-1999-el-web-wm.jpg\"\n               data-image-id=\"291\"\n               data-title=\"Catan 3\"\n               data-description=\"maison \u00e9l\u00e9vation fa\u00e7ade sud (\u00c9tienne Lavigne, 1999)\"\n               data-image-slug=\"catan-3\"\n               class=\"shutterset_f5af02eb0c01c2b5f9bd01d64275f2ba\">\n                <img\n                    title=\"Catan 3\"\n                    alt=\"Catan 3\"\n                    src=\"https:\/\/www.soustons-noms-lieux.fr\/wp-content\/gallery\/catan\/thumbs\/thumbs_catan-3-maison-plan-1999-el-web-wm.jpg\"\n                    width=\"100\"\n                    height=\"75\"\n                    style=\"max-width:100%;\"\n                \/>\n            <\/a>\n        <\/div>\n\t\t\t\t\t\t\t<\/div> \n\t\t\t\n                            \n\t\t\t\t<div id=\"ngg-image-3\" class=\"ngg-gallery-thumbnail-box\" >\n\t\t\t\t        <div class=\"ngg-gallery-thumbnail\">\n            <a href=\"https:\/\/www.soustons-noms-lieux.fr\/wp-content\/gallery\/catan\/catan-4-fournil-2009-ac-web-wm.jpg\"\n               title=\"Fourni\u00e8re (2009)\"\n               data-src=\"https:\/\/www.soustons-noms-lieux.fr\/wp-content\/gallery\/catan\/catan-4-fournil-2009-ac-web-wm.jpg\"\n               data-thumbnail=\"https:\/\/www.soustons-noms-lieux.fr\/wp-content\/gallery\/catan\/thumbs\/thumbs_catan-4-fournil-2009-ac-web-wm.jpg\"\n               data-image-id=\"292\"\n               data-title=\"Catan 4\"\n               data-description=\"Fourni\u00e8re (2009)\"\n               data-image-slug=\"catan-4\"\n               class=\"shutterset_f5af02eb0c01c2b5f9bd01d64275f2ba\">\n                <img\n                    title=\"Catan 4\"\n                    alt=\"Catan 4\"\n                    src=\"https:\/\/www.soustons-noms-lieux.fr\/wp-content\/gallery\/catan\/thumbs\/thumbs_catan-4-fournil-2009-ac-web-wm.jpg\"\n                    width=\"100\"\n                    height=\"75\"\n                    style=\"max-width:100%;\"\n                \/>\n            <\/a>\n        <\/div>\n\t\t\t\t\t\t\t<\/div> \n\t\t\t\n                            \n\t\t\t\t<div id=\"ngg-image-4\" class=\"ngg-gallery-thumbnail-box\" >\n\t\t\t\t        <div class=\"ngg-gallery-thumbnail\">\n            <a href=\"https:\/\/www.soustons-noms-lieux.fr\/wp-content\/gallery\/catan\/catan-5-fournil-plan-1999-el-web-wm.jpg\"\n               title=\"Fourni\u00e8re, \u00e9l\u00e9vations ouest et nord (\u00c9tienne Lavigne, 1999)\"\n               data-src=\"https:\/\/www.soustons-noms-lieux.fr\/wp-content\/gallery\/catan\/catan-5-fournil-plan-1999-el-web-wm.jpg\"\n               data-thumbnail=\"https:\/\/www.soustons-noms-lieux.fr\/wp-content\/gallery\/catan\/thumbs\/thumbs_catan-5-fournil-plan-1999-el-web-wm.jpg\"\n               data-image-id=\"293\"\n               data-title=\"Catan 5\"\n               data-description=\"Fourni\u00e8re, \u00e9l\u00e9vations ouest et nord (\u00c9tienne Lavigne, 1999)\"\n               data-image-slug=\"catan-5\"\n               class=\"shutterset_f5af02eb0c01c2b5f9bd01d64275f2ba\">\n                <img\n                    title=\"Catan 5\"\n                    alt=\"Catan 5\"\n                    src=\"https:\/\/www.soustons-noms-lieux.fr\/wp-content\/gallery\/catan\/thumbs\/thumbs_catan-5-fournil-plan-1999-el-web-wm.jpg\"\n                    width=\"100\"\n                    height=\"75\"\n                    style=\"max-width:100%;\"\n                \/>\n            <\/a>\n        <\/div>\n\t\t\t\t\t\t\t<\/div> \n\t\t\t\n                            \n\t\t\n\t\t<div class=\"ngg-clear\"><\/div>\n\t<\/div>\n\n<p>Retourner \u00e0 :&nbsp;<a href=\"https:\/\/www.soustons-noms-lieux.fr\/?page_id=3101\">Galeries<\/a><\/p>\n","protected":false},"excerpt":{"rendered":"<p>Catan&nbsp;Voir la fiche de nom Retourner \u00e0 :&nbsp;Galeries<\/p>\n","protected":false},"author":1,"featured_media":0,"parent":0,"menu_order":1141,"comment_status":"closed","ping_status":"closed","template":"onecolumn-page.php","meta":{"ngg_post_thumbnail":0,"footnotes":""},"class_list":["post-4942","page","type-page","status-publish","hentry"],"_links":{"self":[{"href":"https:\/\/www.soustons-noms-lieux.fr\/index.php?rest_route=\/wp\/v2\/pages\/4942","targetHints":{"allow":["GET"]}}],"collection":[{"href":"https:\/\/www.soustons-noms-lieux.fr\/index.php?rest_route=\/wp\/v2\/pages"}],"about":[{"href":"https:\/\/www.soustons-noms-lieux.fr\/index.php?rest_route=\/wp\/v2\/types\/page"}],"author":[{"embeddable":true,"href":"https:\/\/www.soustons-noms-lieux.fr\/index.php?rest_route=\/wp\/v2\/users\/1"}],"replies":[{"embeddable":true,"href":"https:\/\/www.soustons-noms-lieux.fr\/index.php?rest_route=%2Fwp%2Fv2%2Fcomments&post=4942"}],"version-history":[{"count":4,"href":"https:\/\/www.soustons-noms-lieux.fr\/index.php?rest_route=\/wp\/v2\/pages\/4942\/revisions"}],"predecessor-version":[{"id":6717,"href":"https:\/\/www.soustons-noms-lieux.fr\/index.php?rest_route=\/wp\/v2\/pages\/4942\/revisions\/6717"}],"wp:attachment":[{"href":"https:\/\/www.soustons-noms-lieux.fr\/index.php?rest_route=%2Fwp%2Fv2%2Fmedia&parent=4942"}],"curies":[{"name":"wp","href":"https:\/\/api.w.org\/{rel}","templated":true}]}}