{"id":4992,"date":"2016-02-27T11:37:47","date_gmt":"2016-02-27T11:37:47","guid":{"rendered":"http:\/\/www.soustons-noms-lieux.fr\/?page_id=4992"},"modified":"2018-01-01T21:19:54","modified_gmt":"2018-01-01T21:19:54","slug":"hardy","status":"publish","type":"page","link":"https:\/\/www.soustons-noms-lieux.fr\/?page_id=4992","title":{"rendered":"Hardy"},"content":{"rendered":"<p>Hardy&nbsp;<img loading=\"lazy\" decoding=\"async\" title=\"Voir-la-fiche\" src=\"https:\/\/www.soustons-noms-lieux.fr\/wp-content\/uploads\/\/30a fiches\/Voir-la-fiche.png\" alt=\"\" width=\"14\" height=\"14\"><a href=\"https:\/\/www.soustons-noms-lieux.fr\/wp-content\/uploads\/\/30a fiches\/Hardy-130123.pdf\" target=\"_blank\" rel=\"noopener noreferrer\">Voir la fiche de nom<\/a><\/p>\n<!-- index.php -->\n<div\n\tclass=\"ngg-galleryoverview\"\n\tid=\"ngg-gallery-5e52335da794321ab7d3faac2bae1098-1\">\n\n    \t\t<!-- Thumbnails -->\n\t\t\t\t<div id=\"ngg-image-0\" class=\"ngg-gallery-thumbnail-box\" >\n\t\t\t\t        <div class=\"ngg-gallery-thumbnail\">\n            <a href=\"https:\/\/www.soustons-noms-lieux.fr\/wp-content\/gallery\/hardy\/hardy-01-etang-1-chenal-2-web-wm.jpg\"\n               title=\"Chenal de l&#039;\u00c9tang Blanc \u00e0 l&#039;\u00e9tang d&#039;Hardy vu du pont de Puntau\"\n               data-src=\"https:\/\/www.soustons-noms-lieux.fr\/wp-content\/gallery\/hardy\/hardy-01-etang-1-chenal-2-web-wm.jpg\"\n               data-thumbnail=\"https:\/\/www.soustons-noms-lieux.fr\/wp-content\/gallery\/hardy\/thumbs\/thumbs_hardy-01-etang-1-chenal-2-web-wm.jpg\"\n               data-image-id=\"276\"\n               data-title=\"Hardy 01\"\n               data-description=\"Chenal de l&#039;\u00c9tang Blanc \u00e0 l&#039;\u00e9tang d&#039;Hardy vu du pont de Puntau\"\n               data-image-slug=\"hardy-01\"\n               class=\"shutterset_5e52335da794321ab7d3faac2bae1098\">\n                <img\n                    title=\"Hardy 01\"\n                    alt=\"Hardy 01\"\n                    src=\"https:\/\/www.soustons-noms-lieux.fr\/wp-content\/gallery\/hardy\/thumbs\/thumbs_hardy-01-etang-1-chenal-2-web-wm.jpg\"\n                    width=\"100\"\n                    height=\"75\"\n                    style=\"max-width:100%;\"\n                \/>\n            <\/a>\n        <\/div>\n\t\t\t\t\t\t\t<\/div> \n\t\t\t\n                            \n\t\t\t\t<div id=\"ngg-image-1\" class=\"ngg-gallery-thumbnail-box\" >\n\t\t\t\t        <div class=\"ngg-gallery-thumbnail\">\n            <a href=\"https:\/\/www.soustons-noms-lieux.fr\/wp-content\/gallery\/hardy\/hardy-02-etang-2-touffes-1-web-wm.jpg\"\n               title=\"\u00c9tang d&#039;Hardy 1\"\n               data-src=\"https:\/\/www.soustons-noms-lieux.fr\/wp-content\/gallery\/hardy\/hardy-02-etang-2-touffes-1-web-wm.jpg\"\n               data-thumbnail=\"https:\/\/www.soustons-noms-lieux.fr\/wp-content\/gallery\/hardy\/thumbs\/thumbs_hardy-02-etang-2-touffes-1-web-wm.jpg\"\n               data-image-id=\"277\"\n               data-title=\"Hardy 02\"\n               data-description=\"\u00c9tang d&#039;Hardy 1\"\n               data-image-slug=\"hardy-02\"\n               class=\"shutterset_5e52335da794321ab7d3faac2bae1098\">\n                <img\n                    title=\"Hardy 02\"\n                    alt=\"Hardy 02\"\n                    src=\"https:\/\/www.soustons-noms-lieux.fr\/wp-content\/gallery\/hardy\/thumbs\/thumbs_hardy-02-etang-2-touffes-1-web-wm.jpg\"\n                    width=\"100\"\n                    height=\"75\"\n                    style=\"max-width:100%;\"\n                \/>\n            <\/a>\n        <\/div>\n\t\t\t\t\t\t\t<\/div> \n\t\t\t\n                            \n\t\t\t\t<div id=\"ngg-image-2\" class=\"ngg-gallery-thumbnail-box\" >\n\t\t\t\t        <div class=\"ngg-gallery-thumbnail\">\n            <a href=\"https:\/\/www.soustons-noms-lieux.fr\/wp-content\/gallery\/hardy\/hardy-03-etang-3-pins-1-lum-webi-wm.jpg\"\n               title=\"\u00c9tang d&#039;Hardy 2\"\n               data-src=\"https:\/\/www.soustons-noms-lieux.fr\/wp-content\/gallery\/hardy\/hardy-03-etang-3-pins-1-lum-webi-wm.jpg\"\n               data-thumbnail=\"https:\/\/www.soustons-noms-lieux.fr\/wp-content\/gallery\/hardy\/thumbs\/thumbs_hardy-03-etang-3-pins-1-lum-webi-wm.jpg\"\n               data-image-id=\"278\"\n               data-title=\"Hardy 03\"\n               data-description=\"\u00c9tang d&#039;Hardy 2\"\n               data-image-slug=\"hardy-03\"\n               class=\"shutterset_5e52335da794321ab7d3faac2bae1098\">\n                <img\n                    title=\"Hardy 03\"\n                    alt=\"Hardy 03\"\n                    src=\"https:\/\/www.soustons-noms-lieux.fr\/wp-content\/gallery\/hardy\/thumbs\/thumbs_hardy-03-etang-3-pins-1-lum-webi-wm.jpg\"\n                    width=\"100\"\n                    height=\"75\"\n                    style=\"max-width:100%;\"\n                \/>\n            <\/a>\n        <\/div>\n\t\t\t\t\t\t\t<\/div> \n\t\t\t\n                            \n\t\t\t\t<div id=\"ngg-image-3\" class=\"ngg-gallery-thumbnail-box\" >\n\t\t\t\t        <div class=\"ngg-gallery-thumbnail\">\n            <a href=\"https:\/\/www.soustons-noms-lieux.fr\/wp-content\/gallery\/hardy\/hardy-04-etang-4-pecheurs-1-web-wm.jpg\"\n               title=\"\u00c9tang d&#039;Hardy, p\u00eacheurs\"\n               data-src=\"https:\/\/www.soustons-noms-lieux.fr\/wp-content\/gallery\/hardy\/hardy-04-etang-4-pecheurs-1-web-wm.jpg\"\n               data-thumbnail=\"https:\/\/www.soustons-noms-lieux.fr\/wp-content\/gallery\/hardy\/thumbs\/thumbs_hardy-04-etang-4-pecheurs-1-web-wm.jpg\"\n               data-image-id=\"279\"\n               data-title=\"Hardy 04\"\n               data-description=\"\u00c9tang d&#039;Hardy, p\u00eacheurs\"\n               data-image-slug=\"hardy-04\"\n               class=\"shutterset_5e52335da794321ab7d3faac2bae1098\">\n                <img\n                    title=\"Hardy 04\"\n                    alt=\"Hardy 04\"\n                    src=\"https:\/\/www.soustons-noms-lieux.fr\/wp-content\/gallery\/hardy\/thumbs\/thumbs_hardy-04-etang-4-pecheurs-1-web-wm.jpg\"\n                    width=\"100\"\n                    height=\"75\"\n                    style=\"max-width:100%;\"\n                \/>\n            <\/a>\n        <\/div>\n\t\t\t\t\t\t\t<\/div> \n\t\t\t\n                            \n\t\t\t\t<div id=\"ngg-image-4\" class=\"ngg-gallery-thumbnail-box\" >\n\t\t\t\t        <div class=\"ngg-gallery-thumbnail\">\n            <a href=\"https:\/\/www.soustons-noms-lieux.fr\/wp-content\/gallery\/hardy\/hardy-05-etang-5-tonne-2-web-wm.jpg\"\n               title=\"\u00c9tang d&#039;Hardy, tonne 1\"\n               data-src=\"https:\/\/www.soustons-noms-lieux.fr\/wp-content\/gallery\/hardy\/hardy-05-etang-5-tonne-2-web-wm.jpg\"\n               data-thumbnail=\"https:\/\/www.soustons-noms-lieux.fr\/wp-content\/gallery\/hardy\/thumbs\/thumbs_hardy-05-etang-5-tonne-2-web-wm.jpg\"\n               data-image-id=\"280\"\n               data-title=\"Hardy 05\"\n               data-description=\"\u00c9tang d&#039;Hardy, tonne 1\"\n               data-image-slug=\"hardy-05\"\n               class=\"shutterset_5e52335da794321ab7d3faac2bae1098\">\n                <img\n                    title=\"Hardy 05\"\n                    alt=\"Hardy 05\"\n                    src=\"https:\/\/www.soustons-noms-lieux.fr\/wp-content\/gallery\/hardy\/thumbs\/thumbs_hardy-05-etang-5-tonne-2-web-wm.jpg\"\n                    width=\"100\"\n                    height=\"75\"\n                    style=\"max-width:100%;\"\n                \/>\n            <\/a>\n        <\/div>\n\t\t\t\t\t\t\t<\/div> \n\t\t\t\n                            \n\t\t\t\t<div id=\"ngg-image-5\" class=\"ngg-gallery-thumbnail-box\" >\n\t\t\t\t        <div class=\"ngg-gallery-thumbnail\">\n            <a href=\"https:\/\/www.soustons-noms-lieux.fr\/wp-content\/gallery\/hardy\/hardy-06-etang-6-tonne-3-web-wm.jpg\"\n               title=\"\u00c9tang d&#039;Hardy, tonne 2\"\n               data-src=\"https:\/\/www.soustons-noms-lieux.fr\/wp-content\/gallery\/hardy\/hardy-06-etang-6-tonne-3-web-wm.jpg\"\n               data-thumbnail=\"https:\/\/www.soustons-noms-lieux.fr\/wp-content\/gallery\/hardy\/thumbs\/thumbs_hardy-06-etang-6-tonne-3-web-wm.jpg\"\n               data-image-id=\"281\"\n               data-title=\"Hardy 06\"\n               data-description=\"\u00c9tang d&#039;Hardy, tonne 2\"\n               data-image-slug=\"hardy-06\"\n               class=\"shutterset_5e52335da794321ab7d3faac2bae1098\">\n                <img\n                    title=\"Hardy 06\"\n                    alt=\"Hardy 06\"\n                    src=\"https:\/\/www.soustons-noms-lieux.fr\/wp-content\/gallery\/hardy\/thumbs\/thumbs_hardy-06-etang-6-tonne-3-web-wm.jpg\"\n                    width=\"100\"\n                    height=\"75\"\n                    style=\"max-width:100%;\"\n                \/>\n            <\/a>\n        <\/div>\n\t\t\t\t\t\t\t<\/div> \n\t\t\t\n                                    <br style=\"clear: both\" \/>\n                    \n\t\t\t\t<div id=\"ngg-image-6\" class=\"ngg-gallery-thumbnail-box\" >\n\t\t\t\t        <div class=\"ngg-gallery-thumbnail\">\n            <a href=\"https:\/\/www.soustons-noms-lieux.fr\/wp-content\/gallery\/hardy\/hardy-07-ruisseau-du-pt-des-chevres-web-wm.jpg\"\n               title=\"Ruisseau d&#039;Hardy vu du pont des ch\u00eavres\"\n               data-src=\"https:\/\/www.soustons-noms-lieux.fr\/wp-content\/gallery\/hardy\/hardy-07-ruisseau-du-pt-des-chevres-web-wm.jpg\"\n               data-thumbnail=\"https:\/\/www.soustons-noms-lieux.fr\/wp-content\/gallery\/hardy\/thumbs\/thumbs_hardy-07-ruisseau-du-pt-des-chevres-web-wm.jpg\"\n               data-image-id=\"283\"\n               data-title=\"Hardy 07\"\n               data-description=\"Ruisseau d&#039;Hardy vu du pont des ch\u00eavres\"\n               data-image-slug=\"hardy-07-2\"\n               class=\"shutterset_5e52335da794321ab7d3faac2bae1098\">\n                <img\n                    title=\"Hardy 07\"\n                    alt=\"Hardy 07\"\n                    src=\"https:\/\/www.soustons-noms-lieux.fr\/wp-content\/gallery\/hardy\/thumbs\/thumbs_hardy-07-ruisseau-du-pt-des-chevres-web-wm.jpg\"\n                    width=\"100\"\n                    height=\"75\"\n                    style=\"max-width:100%;\"\n                \/>\n            <\/a>\n        <\/div>\n\t\t\t\t\t\t\t<\/div> \n\t\t\t\n                            \n\t\t\n\t\t<div class=\"ngg-clear\"><\/div>\n\t<\/div>\n\n<p>Retourner \u00e0 :&nbsp;<a href=\"https:\/\/www.soustons-noms-lieux.fr\/?page_id=3101\">Galeries<\/a><\/p>\n","protected":false},"excerpt":{"rendered":"<p>Hardy&nbsp;Voir la fiche de nom Retourner \u00e0 :&nbsp;Galeries<\/p>\n","protected":false},"author":1,"featured_media":0,"parent":0,"menu_order":1321,"comment_status":"closed","ping_status":"closed","template":"onecolumn-page.php","meta":{"ngg_post_thumbnail":0,"footnotes":""},"class_list":["post-4992","page","type-page","status-publish","hentry"],"_links":{"self":[{"href":"https:\/\/www.soustons-noms-lieux.fr\/index.php?rest_route=\/wp\/v2\/pages\/4992","targetHints":{"allow":["GET"]}}],"collection":[{"href":"https:\/\/www.soustons-noms-lieux.fr\/index.php?rest_route=\/wp\/v2\/pages"}],"about":[{"href":"https:\/\/www.soustons-noms-lieux.fr\/index.php?rest_route=\/wp\/v2\/types\/page"}],"author":[{"embeddable":true,"href":"https:\/\/www.soustons-noms-lieux.fr\/index.php?rest_route=\/wp\/v2\/users\/1"}],"replies":[{"embeddable":true,"href":"https:\/\/www.soustons-noms-lieux.fr\/index.php?rest_route=%2Fwp%2Fv2%2Fcomments&post=4992"}],"version-history":[{"count":4,"href":"https:\/\/www.soustons-noms-lieux.fr\/index.php?rest_route=\/wp\/v2\/pages\/4992\/revisions"}],"predecessor-version":[{"id":6736,"href":"https:\/\/www.soustons-noms-lieux.fr\/index.php?rest_route=\/wp\/v2\/pages\/4992\/revisions\/6736"}],"wp:attachment":[{"href":"https:\/\/www.soustons-noms-lieux.fr\/index.php?rest_route=%2Fwp%2Fv2%2Fmedia&parent=4992"}],"curies":[{"name":"wp","href":"https:\/\/api.w.org\/{rel}","templated":true}]}}