{"id":501,"date":"2011-12-10T18:29:55","date_gmt":"2011-12-10T18:29:55","guid":{"rendered":"http:\/\/www.soustons-noms-lieux.fr\/?page_id=501"},"modified":"2015-02-10T08:52:24","modified_gmt":"2015-02-10T08:52:24","slug":"le-phoneme-ch-dans-loccitan-de-gascogne-et-dans-le-parler-de-soustons","status":"publish","type":"page","link":"https:\/\/www.soustons-noms-lieux.fr\/?page_id=501","title":{"rendered":"Le phon\u00e8me \/ch\/ dans l&rsquo;occitan de Gascogne et dans le parler de Soustons"},"content":{"rendered":"<p style=\"text-align: justify;\">Cette note vise \u00e0 apporter des \u00e9claircissements sur une particularit\u00e9 de prononciation que l&rsquo;on rencontre dans plusieurs noms de lieux soustonnais.<\/p>\n<p>_________________________________________________________________________________________________________________<\/p>\n<h2 style=\"text-align: center;\" align=\"CENTER\">Le phon\u00e8me \/<em>ch<\/em>\/ dans l&rsquo;occitan de Gascogne et dans le parler de Soustons<\/h2>\n<p>&nbsp;<\/p>\n<p align=\"JUSTIFY\">Une consonne, \u00e0 la prononciation tr\u00e8s particuli\u00e8re et propre \u00e0 notre parler, fut la vedette des m\u00e9dias pendant une quinzaine d\u2019ann\u00e9es car elle figure dans le nom de la propri\u00e9t\u00e9 que poss\u00e9dait Fran\u00e7ois Mitterand \u00e0 Soustons. Ce nom fut graphi\u00e9 dans la presse \u00e9crite\u00a0: &lsquo;\u00a0Latch\u00e9\u00a0&lsquo;. Cette graphie, sans doute commode mais discutable, fit l\u2019objet, sur les ondes de la radio et de la t\u00e9l\u00e9vision, d\u2019une prononciation \u00e0 la fran\u00e7aise bien \u00e9loign\u00e9e de la prononciation soustonnaise, qui, il est vrai, est difficilement assimilable par des oreilles accoutum\u00e9es au seul fran\u00e7ais. On rapporte que le pr\u00e9sident Mitterrand ne parvint jamais \u00e0 prononcer ce nom correctement. En effet, cette consonne est g\u00e9n\u00e9ralement per\u00e7ue par les auditeurs comme une sorte de m\u00e9lange de k, de t, de ch, int\u00e9grant dans une m\u00eame \u00e9mission un i bref, aussi difficile \u00e0 reproduire et \u00e0 \u00e9crire qu&rsquo;\u00e0 percevoir. (&#8230;)<\/p>\n<p align=\"JUSTIFY\"><a href=\"https:\/\/www.soustons-noms-lieux.fr\/wp-content\/uploads\/60 autres notes et publications\/phoneme-ch-1-v4-130101.pdf\" target=\"_blank\">Lire la suite<\/a><\/p>\n<p>_________________________________________________________________________________________________________________<\/p>\n<p>Retourner \u00e0 :\u00a0<a href=\"https:\/\/www.soustons-noms-lieux.fr\/?page_id=153\">Autres notes<\/a><\/p>\n<p>Aller \u00e0 :\u00a0<a title=\"Accueil\" href=\"https:\/\/www.soustons-noms-lieux.fr\/\">Accueil<\/a><\/p>\n","protected":false},"excerpt":{"rendered":"<p>Cette note vise \u00e0 apporter des \u00e9claircissements sur une particularit\u00e9 de prononciation que l&rsquo;on rencontre dans plusieurs noms de lieux soustonnais. _________________________________________________________________________________________________________________ Le phon\u00e8me \/ch\/ dans l&rsquo;occitan de Gascogne et dans le parler de Soustons &nbsp; Une consonne, \u00e0 la &hellip; <a href=\"https:\/\/www.soustons-noms-lieux.fr\/?page_id=501\">Continuer la lecture <span class=\"meta-nav\">&rarr;<\/span><\/a><\/p>\n","protected":false},"author":1,"featured_media":0,"parent":153,"menu_order":640,"comment_status":"closed","ping_status":"closed","template":"onecolumn-page.php","meta":{"ngg_post_thumbnail":0,"footnotes":""},"class_list":["post-501","page","type-page","status-publish","hentry"],"_links":{"self":[{"href":"https:\/\/www.soustons-noms-lieux.fr\/index.php?rest_route=\/wp\/v2\/pages\/501","targetHints":{"allow":["GET"]}}],"collection":[{"href":"https:\/\/www.soustons-noms-lieux.fr\/index.php?rest_route=\/wp\/v2\/pages"}],"about":[{"href":"https:\/\/www.soustons-noms-lieux.fr\/index.php?rest_route=\/wp\/v2\/types\/page"}],"author":[{"embeddable":true,"href":"https:\/\/www.soustons-noms-lieux.fr\/index.php?rest_route=\/wp\/v2\/users\/1"}],"replies":[{"embeddable":true,"href":"https:\/\/www.soustons-noms-lieux.fr\/index.php?rest_route=%2Fwp%2Fv2%2Fcomments&post=501"}],"version-history":[{"count":3,"href":"https:\/\/www.soustons-noms-lieux.fr\/index.php?rest_route=\/wp\/v2\/pages\/501\/revisions"}],"predecessor-version":[{"id":4081,"href":"https:\/\/www.soustons-noms-lieux.fr\/index.php?rest_route=\/wp\/v2\/pages\/501\/revisions\/4081"}],"up":[{"embeddable":true,"href":"https:\/\/www.soustons-noms-lieux.fr\/index.php?rest_route=\/wp\/v2\/pages\/153"}],"wp:attachment":[{"href":"https:\/\/www.soustons-noms-lieux.fr\/index.php?rest_route=%2Fwp%2Fv2%2Fmedia&parent=501"}],"curies":[{"name":"wp","href":"https:\/\/api.w.org\/{rel}","templated":true}]}}