{"id":504,"date":"2011-12-10T18:32:18","date_gmt":"2011-12-10T18:32:18","guid":{"rendered":"http:\/\/www.soustons-noms-lieux.fr\/?page_id=504"},"modified":"2015-02-10T08:50:09","modified_gmt":"2015-02-10T08:50:09","slug":"les-quartiers-de-soustons","status":"publish","type":"page","link":"https:\/\/www.soustons-noms-lieux.fr\/?page_id=504","title":{"rendered":"Les quartiers de Soustons"},"content":{"rendered":"<p style=\"text-align: left;\">Article publi\u00e9 dans\u00a0<em>Cahiers du Sud landais<\/em>, Capbreton, 2004, n\u00b0 2.<\/p>\n<p style=\"text-align: center;\">_________________________________________________________________________________________________________________<\/p>\n<p style=\"text-align: center;\">Alain Castaignos<\/p>\n<p style=\"text-align: center;\"><span class=\"Apple-style-span\" style=\"font-family: Baskerville, Georgia, 'Times New Roman', Times, serif; font-size: 29px; line-height: 43px;\">Les quartiers de Soustons<\/span><\/p>\n<p><span style=\"font-size: medium;\"><strong>Qu\u2019est-ce qu\u2019un quartier\u00a0?<\/strong><\/span><\/p>\n<p style=\"text-align: justify;\">Si l\u2019on demande \u00e0 des Soustonnais\u00a0: \u00ab\u00a0Dans quel quartier habitez-vous\u00a0?\u00a0\u00bb, beaucoup peuvent r\u00e9pondent sans h\u00e9sitation, \u00ab\u00a0Hardy\u00a0\u00bb ou \u00ab\u00a0Costemale\u00a0\u00bb, par exemple. D\u2019autres, qui n\u2019habitent pourtant pas une maison isol\u00e9e, sont bien en peine de d\u00e9signer par un nom particulier la zone o\u00f9 ils r\u00e9sident. D\u2019autres, enfin, quand un nouveau panneau bleu attribue un nom de quartier \u00e0 leur environnement, s\u2019exclament\u00a0: \u00ab\u00a0Mais ce n\u2019est pas un nom de quartier\u00a0!\u00a0\u00bb La notion de quartier pr\u00eate \u00e0 discussion et m\u00e9rite d\u2019\u00eatre pr\u00e9cis\u00e9e. (&#8230;)<\/p>\n<p><a href=\"https:\/\/www.soustons-noms-lieux.fr\/wp-content\/uploads\/\/60 autres notes et publications\/quartiers-texte-111211.pdf\" target=\"_blank\">Lire la suite<\/a><\/p>\n<p>_________________________________________________________________________________________________________________<\/p>\n<p>Retourner \u00e0 : <a href=\"https:\/\/www.soustons-noms-lieux.fr\/?page_id=153\">Autres notes<\/a><\/p>\n<p>Aller \u00e0 : <a title=\"Accueil\" href=\"https:\/\/www.soustons-noms-lieux.fr\/\">Accueil<\/a><\/p>\n","protected":false},"excerpt":{"rendered":"<p>Article publi\u00e9 dans\u00a0Cahiers du Sud landais, Capbreton, 2004, n\u00b0 2. _________________________________________________________________________________________________________________ Alain Castaignos Les quartiers de Soustons Qu\u2019est-ce qu\u2019un quartier\u00a0? Si l\u2019on demande \u00e0 des Soustonnais\u00a0: \u00ab\u00a0Dans quel quartier habitez-vous\u00a0?\u00a0\u00bb, beaucoup peuvent r\u00e9pondent sans h\u00e9sitation, \u00ab\u00a0Hardy\u00a0\u00bb ou \u00ab\u00a0Costemale\u00a0\u00bb, par exemple. &hellip; <a href=\"https:\/\/www.soustons-noms-lieux.fr\/?page_id=504\">Continuer la lecture <span class=\"meta-nav\">&rarr;<\/span><\/a><\/p>\n","protected":false},"author":1,"featured_media":0,"parent":153,"menu_order":610,"comment_status":"closed","ping_status":"closed","template":"onecolumn-page.php","meta":{"ngg_post_thumbnail":0,"footnotes":""},"class_list":["post-504","page","type-page","status-publish","hentry"],"_links":{"self":[{"href":"https:\/\/www.soustons-noms-lieux.fr\/index.php?rest_route=\/wp\/v2\/pages\/504","targetHints":{"allow":["GET"]}}],"collection":[{"href":"https:\/\/www.soustons-noms-lieux.fr\/index.php?rest_route=\/wp\/v2\/pages"}],"about":[{"href":"https:\/\/www.soustons-noms-lieux.fr\/index.php?rest_route=\/wp\/v2\/types\/page"}],"author":[{"embeddable":true,"href":"https:\/\/www.soustons-noms-lieux.fr\/index.php?rest_route=\/wp\/v2\/users\/1"}],"replies":[{"embeddable":true,"href":"https:\/\/www.soustons-noms-lieux.fr\/index.php?rest_route=%2Fwp%2Fv2%2Fcomments&post=504"}],"version-history":[{"count":2,"href":"https:\/\/www.soustons-noms-lieux.fr\/index.php?rest_route=\/wp\/v2\/pages\/504\/revisions"}],"predecessor-version":[{"id":7176,"href":"https:\/\/www.soustons-noms-lieux.fr\/index.php?rest_route=\/wp\/v2\/pages\/504\/revisions\/7176"}],"up":[{"embeddable":true,"href":"https:\/\/www.soustons-noms-lieux.fr\/index.php?rest_route=\/wp\/v2\/pages\/153"}],"wp:attachment":[{"href":"https:\/\/www.soustons-noms-lieux.fr\/index.php?rest_route=%2Fwp%2Fv2%2Fmedia&parent=504"}],"curies":[{"name":"wp","href":"https:\/\/api.w.org\/{rel}","templated":true}]}}