{"id":5040,"date":"2016-02-27T15:58:57","date_gmt":"2016-02-27T15:58:57","guid":{"rendered":"http:\/\/www.soustons-noms-lieux.fr\/?page_id=5040"},"modified":"2016-12-28T10:24:06","modified_gmt":"2016-12-28T10:24:06","slug":"marthian","status":"publish","type":"page","link":"https:\/\/www.soustons-noms-lieux.fr\/?page_id=5040","title":{"rendered":"Marthian"},"content":{"rendered":"<!-- index.php -->\n<div\n\tclass=\"ngg-galleryoverview\"\n\tid=\"ngg-gallery-16213d45cf630fc1e16708a65eba7c8e-1\">\n\n    \t\t<!-- Thumbnails -->\n\t\t\t\t<div id=\"ngg-image-0\" class=\"ngg-gallery-thumbnail-box\" >\n\t\t\t\t        <div class=\"ngg-gallery-thumbnail\">\n            <a href=\"https:\/\/www.soustons-noms-lieux.fr\/wp-content\/gallery\/marthian\/marthian-01-maison-sud-1940-pt-p32a-03-web-wm.jpg\"\n               title=\"mur sud  (photo Pierre Toulgouat, 1940)\"\n               data-src=\"https:\/\/www.soustons-noms-lieux.fr\/wp-content\/gallery\/marthian\/marthian-01-maison-sud-1940-pt-p32a-03-web-wm.jpg\"\n               data-thumbnail=\"https:\/\/www.soustons-noms-lieux.fr\/wp-content\/gallery\/marthian\/thumbs\/thumbs_marthian-01-maison-sud-1940-pt-p32a-03-web-wm.jpg\"\n               data-image-id=\"387\"\n               data-title=\"Marthian 01\"\n               data-description=\"mur sud  (photo Pierre Toulgouat, 1940)\"\n               data-image-slug=\"marthian-01\"\n               class=\"shutterset_16213d45cf630fc1e16708a65eba7c8e\">\n                <img\n                    title=\"Marthian 01\"\n                    alt=\"Marthian 01\"\n                    src=\"https:\/\/www.soustons-noms-lieux.fr\/wp-content\/gallery\/marthian\/thumbs\/thumbs_marthian-01-maison-sud-1940-pt-p32a-03-web-wm.jpg\"\n                    width=\"100\"\n                    height=\"75\"\n                    style=\"max-width:100%;\"\n                \/>\n            <\/a>\n        <\/div>\n\t\t\t\t\t\t\t<\/div> \n\t\t\t\n                            \n\t\t\t\t<div id=\"ngg-image-1\" class=\"ngg-gallery-thumbnail-box\" >\n\t\t\t\t        <div class=\"ngg-gallery-thumbnail\">\n            <a href=\"https:\/\/www.soustons-noms-lieux.fr\/wp-content\/gallery\/marthian\/marthian-02-maison-facade-1940-pt-p32a-11-web-wm.jpg\"\n               title=\"fa\u00e7ade, maison des Anglais, (photo Pierre Toulgouat, 1940)\"\n               data-src=\"https:\/\/www.soustons-noms-lieux.fr\/wp-content\/gallery\/marthian\/marthian-02-maison-facade-1940-pt-p32a-11-web-wm.jpg\"\n               data-thumbnail=\"https:\/\/www.soustons-noms-lieux.fr\/wp-content\/gallery\/marthian\/thumbs\/thumbs_marthian-02-maison-facade-1940-pt-p32a-11-web-wm.jpg\"\n               data-image-id=\"388\"\n               data-title=\"Marthian 02\"\n               data-description=\"fa\u00e7ade, maison des Anglais, (photo Pierre Toulgouat, 1940)\"\n               data-image-slug=\"marthian-02\"\n               class=\"shutterset_16213d45cf630fc1e16708a65eba7c8e\">\n                <img\n                    title=\"Marthian 02\"\n                    alt=\"Marthian 02\"\n                    src=\"https:\/\/www.soustons-noms-lieux.fr\/wp-content\/gallery\/marthian\/thumbs\/thumbs_marthian-02-maison-facade-1940-pt-p32a-11-web-wm.jpg\"\n                    width=\"100\"\n                    height=\"75\"\n                    style=\"max-width:100%;\"\n                \/>\n            <\/a>\n        <\/div>\n\t\t\t\t\t\t\t<\/div> \n\t\t\t\n                            \n\t\t\t\t<div id=\"ngg-image-2\" class=\"ngg-gallery-thumbnail-box\" >\n\t\t\t\t        <div class=\"ngg-gallery-thumbnail\">\n            <a href=\"https:\/\/www.soustons-noms-lieux.fr\/wp-content\/gallery\/marthian\/marthian-03-maison-detail-1940-pt-p32a-02-web-wm.jpg\"\n               title=\"fa\u00e7ade d\u00e9tail (photo Pierre Toulgouat, 1940)\"\n               data-src=\"https:\/\/www.soustons-noms-lieux.fr\/wp-content\/gallery\/marthian\/marthian-03-maison-detail-1940-pt-p32a-02-web-wm.jpg\"\n               data-thumbnail=\"https:\/\/www.soustons-noms-lieux.fr\/wp-content\/gallery\/marthian\/thumbs\/thumbs_marthian-03-maison-detail-1940-pt-p32a-02-web-wm.jpg\"\n               data-image-id=\"389\"\n               data-title=\"Marthian 03\"\n               data-description=\"fa\u00e7ade d\u00e9tail (photo Pierre Toulgouat, 1940)\"\n               data-image-slug=\"marthian-03\"\n               class=\"shutterset_16213d45cf630fc1e16708a65eba7c8e\">\n                <img\n                    title=\"Marthian 03\"\n                    alt=\"Marthian 03\"\n                    src=\"https:\/\/www.soustons-noms-lieux.fr\/wp-content\/gallery\/marthian\/thumbs\/thumbs_marthian-03-maison-detail-1940-pt-p32a-02-web-wm.jpg\"\n                    width=\"100\"\n                    height=\"75\"\n                    style=\"max-width:100%;\"\n                \/>\n            <\/a>\n        <\/div>\n\t\t\t\t\t\t\t<\/div> \n\t\t\t\n                            \n\t\t\t\t<div id=\"ngg-image-3\" class=\"ngg-gallery-thumbnail-box\" >\n\t\t\t\t        <div class=\"ngg-gallery-thumbnail\">\n            <a href=\"https:\/\/www.soustons-noms-lieux.fr\/wp-content\/gallery\/marthian\/marthian-04-plan-pt-p32d-rot-webi-wm.jpg\"\n               title=\"\u00e9l\u00e9vation de la fa\u00e7ade (Pierre Toulgouat, 1940)\"\n               data-src=\"https:\/\/www.soustons-noms-lieux.fr\/wp-content\/gallery\/marthian\/marthian-04-plan-pt-p32d-rot-webi-wm.jpg\"\n               data-thumbnail=\"https:\/\/www.soustons-noms-lieux.fr\/wp-content\/gallery\/marthian\/thumbs\/thumbs_marthian-04-plan-pt-p32d-rot-webi-wm.jpg\"\n               data-image-id=\"390\"\n               data-title=\"Marthian 04\"\n               data-description=\"\u00e9l\u00e9vation de la fa\u00e7ade (Pierre Toulgouat, 1940)\"\n               data-image-slug=\"marthian-04\"\n               class=\"shutterset_16213d45cf630fc1e16708a65eba7c8e\">\n                <img\n                    title=\"Marthian 04\"\n                    alt=\"Marthian 04\"\n                    src=\"https:\/\/www.soustons-noms-lieux.fr\/wp-content\/gallery\/marthian\/thumbs\/thumbs_marthian-04-plan-pt-p32d-rot-webi-wm.jpg\"\n                    width=\"100\"\n                    height=\"75\"\n                    style=\"max-width:100%;\"\n                \/>\n            <\/a>\n        <\/div>\n\t\t\t\t\t\t\t<\/div> \n\t\t\t\n                            \n\t\t\t\t<div id=\"ngg-image-4\" class=\"ngg-gallery-thumbnail-box\" >\n\t\t\t\t        <div class=\"ngg-gallery-thumbnail\">\n            <a href=\"https:\/\/www.soustons-noms-lieux.fr\/wp-content\/gallery\/marthian\/marthian-05-maison-et-chene-1940-pt-p24a-web-wm.jpg\"\n               title=\"maison et ch\u00eane (photo Pierre Toulgouat, 1940)\"\n               data-src=\"https:\/\/www.soustons-noms-lieux.fr\/wp-content\/gallery\/marthian\/marthian-05-maison-et-chene-1940-pt-p24a-web-wm.jpg\"\n               data-thumbnail=\"https:\/\/www.soustons-noms-lieux.fr\/wp-content\/gallery\/marthian\/thumbs\/thumbs_marthian-05-maison-et-chene-1940-pt-p24a-web-wm.jpg\"\n               data-image-id=\"391\"\n               data-title=\"Marthian 05\"\n               data-description=\"maison et ch\u00eane (photo Pierre Toulgouat, 1940)\"\n               data-image-slug=\"marthian-05\"\n               class=\"shutterset_16213d45cf630fc1e16708a65eba7c8e\">\n                <img\n                    title=\"Marthian 05\"\n                    alt=\"Marthian 05\"\n                    src=\"https:\/\/www.soustons-noms-lieux.fr\/wp-content\/gallery\/marthian\/thumbs\/thumbs_marthian-05-maison-et-chene-1940-pt-p24a-web-wm.jpg\"\n                    width=\"100\"\n                    height=\"75\"\n                    style=\"max-width:100%;\"\n                \/>\n            <\/a>\n        <\/div>\n\t\t\t\t\t\t\t<\/div> \n\t\t\t\n                            \n\t\t\t\t<div id=\"ngg-image-5\" class=\"ngg-gallery-thumbnail-box\" >\n\t\t\t\t        <div class=\"ngg-gallery-thumbnail\">\n            <a href=\"https:\/\/www.soustons-noms-lieux.fr\/wp-content\/gallery\/marthian\/marthian-06-maison-et-fenil-1940-pt-p24c-10-web-wm.jpg\"\n               title=\"maison et grange (photo Pierre Toulgouat, 1940)\"\n               data-src=\"https:\/\/www.soustons-noms-lieux.fr\/wp-content\/gallery\/marthian\/marthian-06-maison-et-fenil-1940-pt-p24c-10-web-wm.jpg\"\n               data-thumbnail=\"https:\/\/www.soustons-noms-lieux.fr\/wp-content\/gallery\/marthian\/thumbs\/thumbs_marthian-06-maison-et-fenil-1940-pt-p24c-10-web-wm.jpg\"\n               data-image-id=\"392\"\n               data-title=\"Marthian 06\"\n               data-description=\"maison et grange (photo Pierre Toulgouat, 1940)\"\n               data-image-slug=\"marthian-06\"\n               class=\"shutterset_16213d45cf630fc1e16708a65eba7c8e\">\n                <img\n                    title=\"Marthian 06\"\n                    alt=\"Marthian 06\"\n                    src=\"https:\/\/www.soustons-noms-lieux.fr\/wp-content\/gallery\/marthian\/thumbs\/thumbs_marthian-06-maison-et-fenil-1940-pt-p24c-10-web-wm.jpg\"\n                    width=\"100\"\n                    height=\"75\"\n                    style=\"max-width:100%;\"\n                \/>\n            <\/a>\n        <\/div>\n\t\t\t\t\t\t\t<\/div> \n\t\t\t\n                                    <br style=\"clear: both\" \/>\n                    \n\t\t\t\t<div id=\"ngg-image-6\" class=\"ngg-gallery-thumbnail-box\" >\n\t\t\t\t        <div class=\"ngg-gallery-thumbnail\">\n            <a href=\"https:\/\/www.soustons-noms-lieux.fr\/wp-content\/gallery\/marthian\/marthian-07-fenil-vers-1940-pt-p88g-9-web-wm.jpg\"\n               title=\"grange (photo Pierre Toulgouat, 1940)\"\n               data-src=\"https:\/\/www.soustons-noms-lieux.fr\/wp-content\/gallery\/marthian\/marthian-07-fenil-vers-1940-pt-p88g-9-web-wm.jpg\"\n               data-thumbnail=\"https:\/\/www.soustons-noms-lieux.fr\/wp-content\/gallery\/marthian\/thumbs\/thumbs_marthian-07-fenil-vers-1940-pt-p88g-9-web-wm.jpg\"\n               data-image-id=\"393\"\n               data-title=\"Marthian 07\"\n               data-description=\"grange (photo Pierre Toulgouat, 1940)\"\n               data-image-slug=\"marthian-07\"\n               class=\"shutterset_16213d45cf630fc1e16708a65eba7c8e\">\n                <img\n                    title=\"Marthian 07\"\n                    alt=\"Marthian 07\"\n                    src=\"https:\/\/www.soustons-noms-lieux.fr\/wp-content\/gallery\/marthian\/thumbs\/thumbs_marthian-07-fenil-vers-1940-pt-p88g-9-web-wm.jpg\"\n                    width=\"100\"\n                    height=\"75\"\n                    style=\"max-width:100%;\"\n                \/>\n            <\/a>\n        <\/div>\n\t\t\t\t\t\t\t<\/div> \n\t\t\t\n                            \n\t\t\t\t<div id=\"ngg-image-7\" class=\"ngg-gallery-thumbnail-box\" >\n\t\t\t\t        <div class=\"ngg-gallery-thumbnail\">\n            <a href=\"https:\/\/www.soustons-noms-lieux.fr\/wp-content\/gallery\/marthian\/marthian-08-parc-2012-ml-web-wm.jpg\"\n               title=\"parc 1 (2012)\"\n               data-src=\"https:\/\/www.soustons-noms-lieux.fr\/wp-content\/gallery\/marthian\/marthian-08-parc-2012-ml-web-wm.jpg\"\n               data-thumbnail=\"https:\/\/www.soustons-noms-lieux.fr\/wp-content\/gallery\/marthian\/thumbs\/thumbs_marthian-08-parc-2012-ml-web-wm.jpg\"\n               data-image-id=\"394\"\n               data-title=\"Marthian 08\"\n               data-description=\"parc 1 (2012)\"\n               data-image-slug=\"marthian-08\"\n               class=\"shutterset_16213d45cf630fc1e16708a65eba7c8e\">\n                <img\n                    title=\"Marthian 08\"\n                    alt=\"Marthian 08\"\n                    src=\"https:\/\/www.soustons-noms-lieux.fr\/wp-content\/gallery\/marthian\/thumbs\/thumbs_marthian-08-parc-2012-ml-web-wm.jpg\"\n                    width=\"100\"\n                    height=\"75\"\n                    style=\"max-width:100%;\"\n                \/>\n            <\/a>\n        <\/div>\n\t\t\t\t\t\t\t<\/div> \n\t\t\t\n                            \n\t\t\t\t<div id=\"ngg-image-8\" class=\"ngg-gallery-thumbnail-box\" >\n\t\t\t\t        <div class=\"ngg-gallery-thumbnail\">\n            <a href=\"https:\/\/www.soustons-noms-lieux.fr\/wp-content\/gallery\/marthian\/marthian-09-parc-2010-4-ac-web-wm.jpg\"\n               title=\"parc 2 (2012)\"\n               data-src=\"https:\/\/www.soustons-noms-lieux.fr\/wp-content\/gallery\/marthian\/marthian-09-parc-2010-4-ac-web-wm.jpg\"\n               data-thumbnail=\"https:\/\/www.soustons-noms-lieux.fr\/wp-content\/gallery\/marthian\/thumbs\/thumbs_marthian-09-parc-2010-4-ac-web-wm.jpg\"\n               data-image-id=\"395\"\n               data-title=\"Marthian 09\"\n               data-description=\"parc 2 (2012)\"\n               data-image-slug=\"marthian-09\"\n               class=\"shutterset_16213d45cf630fc1e16708a65eba7c8e\">\n                <img\n                    title=\"Marthian 09\"\n                    alt=\"Marthian 09\"\n                    src=\"https:\/\/www.soustons-noms-lieux.fr\/wp-content\/gallery\/marthian\/thumbs\/thumbs_marthian-09-parc-2010-4-ac-web-wm.jpg\"\n                    width=\"100\"\n                    height=\"75\"\n                    style=\"max-width:100%;\"\n                \/>\n            <\/a>\n        <\/div>\n\t\t\t\t\t\t\t<\/div> \n\t\t\t\n                            \n\t\t\t\t<div id=\"ngg-image-9\" class=\"ngg-gallery-thumbnail-box\" >\n\t\t\t\t        <div class=\"ngg-gallery-thumbnail\">\n            <a href=\"https:\/\/www.soustons-noms-lieux.fr\/wp-content\/gallery\/marthian\/marthian-10-parc-charpente-2010-3-ac-web-wm.jpg\"\n               title=\"parc, charpente (2010)\"\n               data-src=\"https:\/\/www.soustons-noms-lieux.fr\/wp-content\/gallery\/marthian\/marthian-10-parc-charpente-2010-3-ac-web-wm.jpg\"\n               data-thumbnail=\"https:\/\/www.soustons-noms-lieux.fr\/wp-content\/gallery\/marthian\/thumbs\/thumbs_marthian-10-parc-charpente-2010-3-ac-web-wm.jpg\"\n               data-image-id=\"396\"\n               data-title=\"Marthian 10\"\n               data-description=\"parc, charpente (2010)\"\n               data-image-slug=\"marthian-10\"\n               class=\"shutterset_16213d45cf630fc1e16708a65eba7c8e\">\n                <img\n                    title=\"Marthian 10\"\n                    alt=\"Marthian 10\"\n                    src=\"https:\/\/www.soustons-noms-lieux.fr\/wp-content\/gallery\/marthian\/thumbs\/thumbs_marthian-10-parc-charpente-2010-3-ac-web-wm.jpg\"\n                    width=\"100\"\n                    height=\"75\"\n                    style=\"max-width:100%;\"\n                \/>\n            <\/a>\n        <\/div>\n\t\t\t\t\t\t\t<\/div> \n\t\t\t\n                            \n\t\t\n\t\t<div class=\"ngg-clear\"><\/div>\n\t<\/div>\n\n<p>Retourner \u00e0 :\u00a0<a href=\"https:\/\/www.soustons-noms-lieux.fr\/?page_id=3101\">Galeries<\/a><\/p>\n","protected":false},"excerpt":{"rendered":"<p>Retourner \u00e0 :\u00a0Galeries<\/p>\n","protected":false},"author":1,"featured_media":0,"parent":0,"menu_order":1516,"comment_status":"closed","ping_status":"closed","template":"onecolumn-page.php","meta":{"ngg_post_thumbnail":0,"footnotes":""},"class_list":["post-5040","page","type-page","status-publish","hentry"],"_links":{"self":[{"href":"https:\/\/www.soustons-noms-lieux.fr\/index.php?rest_route=\/wp\/v2\/pages\/5040","targetHints":{"allow":["GET"]}}],"collection":[{"href":"https:\/\/www.soustons-noms-lieux.fr\/index.php?rest_route=\/wp\/v2\/pages"}],"about":[{"href":"https:\/\/www.soustons-noms-lieux.fr\/index.php?rest_route=\/wp\/v2\/types\/page"}],"author":[{"embeddable":true,"href":"https:\/\/www.soustons-noms-lieux.fr\/index.php?rest_route=\/wp\/v2\/users\/1"}],"replies":[{"embeddable":true,"href":"https:\/\/www.soustons-noms-lieux.fr\/index.php?rest_route=%2Fwp%2Fv2%2Fcomments&post=5040"}],"version-history":[{"count":2,"href":"https:\/\/www.soustons-noms-lieux.fr\/index.php?rest_route=\/wp\/v2\/pages\/5040\/revisions"}],"predecessor-version":[{"id":5764,"href":"https:\/\/www.soustons-noms-lieux.fr\/index.php?rest_route=\/wp\/v2\/pages\/5040\/revisions\/5764"}],"wp:attachment":[{"href":"https:\/\/www.soustons-noms-lieux.fr\/index.php?rest_route=%2Fwp%2Fv2%2Fmedia&parent=5040"}],"curies":[{"name":"wp","href":"https:\/\/api.w.org\/{rel}","templated":true}]}}