{"id":5097,"date":"2016-02-27T17:57:51","date_gmt":"2016-02-27T17:57:51","guid":{"rendered":"http:\/\/www.soustons-noms-lieux.fr\/?page_id=5097"},"modified":"2016-12-28T10:30:22","modified_gmt":"2016-12-28T10:30:22","slug":"saint-pe-sempe","status":"publish","type":"page","link":"https:\/\/www.soustons-noms-lieux.fr\/?page_id=5097","title":{"rendered":"Saint P\u00e9 Semp\u00e9"},"content":{"rendered":"<p>Saint P\u00e9 Semp\u00e9<\/p>\n<!-- index.php -->\n<div\n\tclass=\"ngg-galleryoverview\"\n\tid=\"ngg-gallery-49a4c2e4eef1447f1c48b0ca7d56db0d-1\">\n\n    \t\t<!-- Thumbnails -->\n\t\t\t\t<div id=\"ngg-image-0\" class=\"ngg-gallery-thumbnail-box\" >\n\t\t\t\t        <div class=\"ngg-gallery-thumbnail\">\n            <a href=\"https:\/\/www.soustons-noms-lieux.fr\/wp-content\/gallery\/saint-pe-sempe\/saint-pe-sempe-1-moulin-chute-2004-ac-webi-wm.jpg\"\n               title=\"ancien moulin  Saint P\u00e9, chute\"\n               data-src=\"https:\/\/www.soustons-noms-lieux.fr\/wp-content\/gallery\/saint-pe-sempe\/saint-pe-sempe-1-moulin-chute-2004-ac-webi-wm.jpg\"\n               data-thumbnail=\"https:\/\/www.soustons-noms-lieux.fr\/wp-content\/gallery\/saint-pe-sempe\/thumbs\/thumbs_saint-pe-sempe-1-moulin-chute-2004-ac-webi-wm.jpg\"\n               data-image-id=\"481\"\n               data-title=\"Saint P\u00e9 Semp\u00e9 1\"\n               data-description=\"ancien moulin  Saint P\u00e9, chute\"\n               data-image-slug=\"saint-pe-sempe-1\"\n               class=\"shutterset_49a4c2e4eef1447f1c48b0ca7d56db0d\">\n                <img\n                    title=\"Saint P\u00e9 Semp\u00e9 1\"\n                    alt=\"Saint P\u00e9 Semp\u00e9 1\"\n                    src=\"https:\/\/www.soustons-noms-lieux.fr\/wp-content\/gallery\/saint-pe-sempe\/thumbs\/thumbs_saint-pe-sempe-1-moulin-chute-2004-ac-webi-wm.jpg\"\n                    width=\"100\"\n                    height=\"75\"\n                    style=\"max-width:100%;\"\n                \/>\n            <\/a>\n        <\/div>\n\t\t\t\t\t\t\t<\/div> \n\t\t\t\n                            \n\t\t\t\t<div id=\"ngg-image-1\" class=\"ngg-gallery-thumbnail-box\" >\n\t\t\t\t        <div class=\"ngg-gallery-thumbnail\">\n            <a href=\"https:\/\/www.soustons-noms-lieux.fr\/wp-content\/gallery\/saint-pe-sempe\/saint-pe-sempe-2-moulin-mecanisme-2004-ac-web-wm.jpg\"\n               title=\"ancien moulin  Saint P\u00e9, m\u00e9canisme\"\n               data-src=\"https:\/\/www.soustons-noms-lieux.fr\/wp-content\/gallery\/saint-pe-sempe\/saint-pe-sempe-2-moulin-mecanisme-2004-ac-web-wm.jpg\"\n               data-thumbnail=\"https:\/\/www.soustons-noms-lieux.fr\/wp-content\/gallery\/saint-pe-sempe\/thumbs\/thumbs_saint-pe-sempe-2-moulin-mecanisme-2004-ac-web-wm.jpg\"\n               data-image-id=\"482\"\n               data-title=\"Saint P\u00e9 Semp\u00e9 2\"\n               data-description=\"ancien moulin  Saint P\u00e9, m\u00e9canisme\"\n               data-image-slug=\"saint-pe-sempe-2\"\n               class=\"shutterset_49a4c2e4eef1447f1c48b0ca7d56db0d\">\n                <img\n                    title=\"Saint P\u00e9 Semp\u00e9 2\"\n                    alt=\"Saint P\u00e9 Semp\u00e9 2\"\n                    src=\"https:\/\/www.soustons-noms-lieux.fr\/wp-content\/gallery\/saint-pe-sempe\/thumbs\/thumbs_saint-pe-sempe-2-moulin-mecanisme-2004-ac-web-wm.jpg\"\n                    width=\"100\"\n                    height=\"75\"\n                    style=\"max-width:100%;\"\n                \/>\n            <\/a>\n        <\/div>\n\t\t\t\t\t\t\t<\/div> \n\t\t\t\n                            \n\t\t\t\t<div id=\"ngg-image-2\" class=\"ngg-gallery-thumbnail-box\" >\n\t\t\t\t        <div class=\"ngg-gallery-thumbnail\">\n            <a href=\"https:\/\/www.soustons-noms-lieux.fr\/wp-content\/gallery\/saint-pe-sempe\/saint-pe-sempe-3-maison-c-mur-ouest-2004-ac-web-wm.jpg\"\n               title=\"maison 1 mur ouest\"\n               data-src=\"https:\/\/www.soustons-noms-lieux.fr\/wp-content\/gallery\/saint-pe-sempe\/saint-pe-sempe-3-maison-c-mur-ouest-2004-ac-web-wm.jpg\"\n               data-thumbnail=\"https:\/\/www.soustons-noms-lieux.fr\/wp-content\/gallery\/saint-pe-sempe\/thumbs\/thumbs_saint-pe-sempe-3-maison-c-mur-ouest-2004-ac-web-wm.jpg\"\n               data-image-id=\"483\"\n               data-title=\"Saint P\u00e9 Semp\u00e9 3\"\n               data-description=\"maison 1 mur ouest\"\n               data-image-slug=\"saint-pe-sempe-3\"\n               class=\"shutterset_49a4c2e4eef1447f1c48b0ca7d56db0d\">\n                <img\n                    title=\"Saint P\u00e9 Semp\u00e9 3\"\n                    alt=\"Saint P\u00e9 Semp\u00e9 3\"\n                    src=\"https:\/\/www.soustons-noms-lieux.fr\/wp-content\/gallery\/saint-pe-sempe\/thumbs\/thumbs_saint-pe-sempe-3-maison-c-mur-ouest-2004-ac-web-wm.jpg\"\n                    width=\"100\"\n                    height=\"75\"\n                    style=\"max-width:100%;\"\n                \/>\n            <\/a>\n        <\/div>\n\t\t\t\t\t\t\t<\/div> \n\t\t\t\n                            \n\t\t\t\t<div id=\"ngg-image-3\" class=\"ngg-gallery-thumbnail-box\" >\n\t\t\t\t        <div class=\"ngg-gallery-thumbnail\">\n            <a href=\"https:\/\/www.soustons-noms-lieux.fr\/wp-content\/gallery\/saint-pe-sempe\/saint-pe-sempe-4-maison-b-facade-est-2004-ac-web-wm.jpg\"\n               title=\"maison 2 mur est\"\n               data-src=\"https:\/\/www.soustons-noms-lieux.fr\/wp-content\/gallery\/saint-pe-sempe\/saint-pe-sempe-4-maison-b-facade-est-2004-ac-web-wm.jpg\"\n               data-thumbnail=\"https:\/\/www.soustons-noms-lieux.fr\/wp-content\/gallery\/saint-pe-sempe\/thumbs\/thumbs_saint-pe-sempe-4-maison-b-facade-est-2004-ac-web-wm.jpg\"\n               data-image-id=\"484\"\n               data-title=\"Saint P\u00e9 Semp\u00e9 4\"\n               data-description=\"maison 2 mur est\"\n               data-image-slug=\"saint-pe-sempe-4\"\n               class=\"shutterset_49a4c2e4eef1447f1c48b0ca7d56db0d\">\n                <img\n                    title=\"Saint P\u00e9 Semp\u00e9 4\"\n                    alt=\"Saint P\u00e9 Semp\u00e9 4\"\n                    src=\"https:\/\/www.soustons-noms-lieux.fr\/wp-content\/gallery\/saint-pe-sempe\/thumbs\/thumbs_saint-pe-sempe-4-maison-b-facade-est-2004-ac-web-wm.jpg\"\n                    width=\"100\"\n                    height=\"75\"\n                    style=\"max-width:100%;\"\n                \/>\n            <\/a>\n        <\/div>\n\t\t\t\t\t\t\t<\/div> \n\t\t\t\n                            \n\t\t\t\t<div id=\"ngg-image-4\" class=\"ngg-gallery-thumbnail-box\" >\n\t\t\t\t        <div class=\"ngg-gallery-thumbnail\">\n            <a href=\"https:\/\/www.soustons-noms-lieux.fr\/wp-content\/gallery\/saint-pe-sempe\/saint-pe-sempe-5-maison-b-cheminee-2004-ac-web-wm.jpg\"\n               title=\"maison 2 chemin\u00e9e\"\n               data-src=\"https:\/\/www.soustons-noms-lieux.fr\/wp-content\/gallery\/saint-pe-sempe\/saint-pe-sempe-5-maison-b-cheminee-2004-ac-web-wm.jpg\"\n               data-thumbnail=\"https:\/\/www.soustons-noms-lieux.fr\/wp-content\/gallery\/saint-pe-sempe\/thumbs\/thumbs_saint-pe-sempe-5-maison-b-cheminee-2004-ac-web-wm.jpg\"\n               data-image-id=\"485\"\n               data-title=\"Saint P\u00e9 Semp\u00e9 5\"\n               data-description=\"maison 2 chemin\u00e9e\"\n               data-image-slug=\"saint-pe-sempe-5\"\n               class=\"shutterset_49a4c2e4eef1447f1c48b0ca7d56db0d\">\n                <img\n                    title=\"Saint P\u00e9 Semp\u00e9 5\"\n                    alt=\"Saint P\u00e9 Semp\u00e9 5\"\n                    src=\"https:\/\/www.soustons-noms-lieux.fr\/wp-content\/gallery\/saint-pe-sempe\/thumbs\/thumbs_saint-pe-sempe-5-maison-b-cheminee-2004-ac-web-wm.jpg\"\n                    width=\"100\"\n                    height=\"75\"\n                    style=\"max-width:100%;\"\n                \/>\n            <\/a>\n        <\/div>\n\t\t\t\t\t\t\t<\/div> \n\t\t\t\n                            \n\t\t\t\t<div id=\"ngg-image-5\" class=\"ngg-gallery-thumbnail-box\" >\n\t\t\t\t        <div class=\"ngg-gallery-thumbnail\">\n            <a href=\"https:\/\/www.soustons-noms-lieux.fr\/wp-content\/gallery\/saint-pe-sempe\/saint-pe-sempe-6-maison-b-seuil-2004-ac-web-wm.jpg\"\n               title=\"maison 2 seuil\"\n               data-src=\"https:\/\/www.soustons-noms-lieux.fr\/wp-content\/gallery\/saint-pe-sempe\/saint-pe-sempe-6-maison-b-seuil-2004-ac-web-wm.jpg\"\n               data-thumbnail=\"https:\/\/www.soustons-noms-lieux.fr\/wp-content\/gallery\/saint-pe-sempe\/thumbs\/thumbs_saint-pe-sempe-6-maison-b-seuil-2004-ac-web-wm.jpg\"\n               data-image-id=\"486\"\n               data-title=\"Saint P\u00e9 Semp\u00e9 6\"\n               data-description=\"maison 2 seuil\"\n               data-image-slug=\"saint-pe-sempe-6\"\n               class=\"shutterset_49a4c2e4eef1447f1c48b0ca7d56db0d\">\n                <img\n                    title=\"Saint P\u00e9 Semp\u00e9 6\"\n                    alt=\"Saint P\u00e9 Semp\u00e9 6\"\n                    src=\"https:\/\/www.soustons-noms-lieux.fr\/wp-content\/gallery\/saint-pe-sempe\/thumbs\/thumbs_saint-pe-sempe-6-maison-b-seuil-2004-ac-web-wm.jpg\"\n                    width=\"100\"\n                    height=\"75\"\n                    style=\"max-width:100%;\"\n                \/>\n            <\/a>\n        <\/div>\n\t\t\t\t\t\t\t<\/div> \n\t\t\t\n                                    <br style=\"clear: both\" \/>\n                    \n\t\t\t\t<div id=\"ngg-image-6\" class=\"ngg-gallery-thumbnail-box\" >\n\t\t\t\t        <div class=\"ngg-gallery-thumbnail\">\n            <a href=\"https:\/\/www.soustons-noms-lieux.fr\/wp-content\/gallery\/saint-pe-sempe\/saint-pe-sempe-7-maison-a-anglais-2004-ac-webi-wm.jpg\"\n               title=\"maison des Anglais, fa\u00e7ade\"\n               data-src=\"https:\/\/www.soustons-noms-lieux.fr\/wp-content\/gallery\/saint-pe-sempe\/saint-pe-sempe-7-maison-a-anglais-2004-ac-webi-wm.jpg\"\n               data-thumbnail=\"https:\/\/www.soustons-noms-lieux.fr\/wp-content\/gallery\/saint-pe-sempe\/thumbs\/thumbs_saint-pe-sempe-7-maison-a-anglais-2004-ac-webi-wm.jpg\"\n               data-image-id=\"487\"\n               data-title=\"Saint P\u00e9 Semp\u00e9 7\"\n               data-description=\"maison des Anglais, fa\u00e7ade\"\n               data-image-slug=\"saint-pe-sempe-7\"\n               class=\"shutterset_49a4c2e4eef1447f1c48b0ca7d56db0d\">\n                <img\n                    title=\"Saint P\u00e9 Semp\u00e9 7\"\n                    alt=\"Saint P\u00e9 Semp\u00e9 7\"\n                    src=\"https:\/\/www.soustons-noms-lieux.fr\/wp-content\/gallery\/saint-pe-sempe\/thumbs\/thumbs_saint-pe-sempe-7-maison-a-anglais-2004-ac-webi-wm.jpg\"\n                    width=\"100\"\n                    height=\"75\"\n                    style=\"max-width:100%;\"\n                \/>\n            <\/a>\n        <\/div>\n\t\t\t\t\t\t\t<\/div> \n\t\t\t\n                            \n\t\t\t\t<div id=\"ngg-image-7\" class=\"ngg-gallery-thumbnail-box\" >\n\t\t\t\t        <div class=\"ngg-gallery-thumbnail\">\n            <a href=\"https:\/\/www.soustons-noms-lieux.fr\/wp-content\/gallery\/saint-pe-sempe\/saint-pe-sempe-8-maison-a-anglais-seuil-2004-ac-web-wm.jpg\"\n               title=\"maison des Anglais, seuil\"\n               data-src=\"https:\/\/www.soustons-noms-lieux.fr\/wp-content\/gallery\/saint-pe-sempe\/saint-pe-sempe-8-maison-a-anglais-seuil-2004-ac-web-wm.jpg\"\n               data-thumbnail=\"https:\/\/www.soustons-noms-lieux.fr\/wp-content\/gallery\/saint-pe-sempe\/thumbs\/thumbs_saint-pe-sempe-8-maison-a-anglais-seuil-2004-ac-web-wm.jpg\"\n               data-image-id=\"488\"\n               data-title=\"Saint P\u00e9 Semp\u00e9 8\"\n               data-description=\"maison des Anglais, seuil\"\n               data-image-slug=\"saint-pe-sempe-8\"\n               class=\"shutterset_49a4c2e4eef1447f1c48b0ca7d56db0d\">\n                <img\n                    title=\"Saint P\u00e9 Semp\u00e9 8\"\n                    alt=\"Saint P\u00e9 Semp\u00e9 8\"\n                    src=\"https:\/\/www.soustons-noms-lieux.fr\/wp-content\/gallery\/saint-pe-sempe\/thumbs\/thumbs_saint-pe-sempe-8-maison-a-anglais-seuil-2004-ac-web-wm.jpg\"\n                    width=\"100\"\n                    height=\"75\"\n                    style=\"max-width:100%;\"\n                \/>\n            <\/a>\n        <\/div>\n\t\t\t\t\t\t\t<\/div> \n\t\t\t\n                            \n\t\t\n\t\t<div class=\"ngg-clear\"><\/div>\n\t<\/div>\n\n<p>Retourner \u00e0 :\u00a0<a href=\"https:\/\/www.soustons-noms-lieux.fr\/?page_id=3101\">Galeries<\/a><\/p>\n","protected":false},"excerpt":{"rendered":"<p>Saint P\u00e9 Semp\u00e9 Retourner \u00e0 :\u00a0Galeries<\/p>\n","protected":false},"author":1,"featured_media":0,"parent":0,"menu_order":1769,"comment_status":"closed","ping_status":"closed","template":"onecolumn-page.php","meta":{"ngg_post_thumbnail":0,"footnotes":""},"class_list":["post-5097","page","type-page","status-publish","hentry"],"_links":{"self":[{"href":"https:\/\/www.soustons-noms-lieux.fr\/index.php?rest_route=\/wp\/v2\/pages\/5097","targetHints":{"allow":["GET"]}}],"collection":[{"href":"https:\/\/www.soustons-noms-lieux.fr\/index.php?rest_route=\/wp\/v2\/pages"}],"about":[{"href":"https:\/\/www.soustons-noms-lieux.fr\/index.php?rest_route=\/wp\/v2\/types\/page"}],"author":[{"embeddable":true,"href":"https:\/\/www.soustons-noms-lieux.fr\/index.php?rest_route=\/wp\/v2\/users\/1"}],"replies":[{"embeddable":true,"href":"https:\/\/www.soustons-noms-lieux.fr\/index.php?rest_route=%2Fwp%2Fv2%2Fcomments&post=5097"}],"version-history":[{"count":2,"href":"https:\/\/www.soustons-noms-lieux.fr\/index.php?rest_route=\/wp\/v2\/pages\/5097\/revisions"}],"predecessor-version":[{"id":5779,"href":"https:\/\/www.soustons-noms-lieux.fr\/index.php?rest_route=\/wp\/v2\/pages\/5097\/revisions\/5779"}],"wp:attachment":[{"href":"https:\/\/www.soustons-noms-lieux.fr\/index.php?rest_route=%2Fwp%2Fv2%2Fmedia&parent=5097"}],"curies":[{"name":"wp","href":"https:\/\/api.w.org\/{rel}","templated":true}]}}