{"id":546,"date":"2011-12-10T21:59:15","date_gmt":"2011-12-10T21:59:15","guid":{"rendered":"http:\/\/www.soustons-noms-lieux.fr\/?page_id=546"},"modified":"2018-01-01T10:41:07","modified_gmt":"2018-01-01T10:41:07","slug":"suffixes-2","status":"publish","type":"page","link":"https:\/\/www.soustons-noms-lieux.fr\/?page_id=546","title":{"rendered":"Suffixes"},"content":{"rendered":"<h1 style=\"text-align: justify;\" align=\"CENTER\"><span class=\"Apple-style-span\" style=\"font-family: Georgia, 'Times New Roman', 'Bitstream Charter', Times, serif; font-size: 16px; line-height: 18px; color: #444444;\">Le gascon utilise de nombreux suffixes. Nous faisons ici l&rsquo;inventaire des suffixes rencontr\u00e9s dans les noms de lieux soustonnais. Il sont not\u00e9s sous la graphie habituellement utilis\u00e9e et la graphie occitane normalis\u00e9e (en italiques), au masculin et au f\u00e9minin. Les exemples donn\u00e9s sont tir\u00e9s des noms de lieux soustonnais.&nbsp;<\/span><span class=\"Apple-style-span\" style=\"font-family: Georgia, 'Times New Roman', 'Bitstream Charter', Times, serif; font-size: 16px; line-height: 18px; color: #444444;\">(&#8230;)<\/span><\/h1>\n<h1 style=\"text-align: justify;\" align=\"CENTER\"><a href=\"https:\/\/www.soustons-noms-lieux.fr\/wp-content\/uploads\/\/40 documentation\/suffixes-note-130304-copie.pdf\" target=\"_blank\" rel=\"noopener noreferrer\"><span class=\"Apple-style-span\" style=\"font-family: Georgia, 'Times New Roman', 'Bitstream Charter', Times, serif; font-size: 16px; line-height: 18px; color: #444444;\">&nbsp;<\/span><span class=\"Apple-style-span\" style=\"font-family: Georgia, 'Times New Roman', 'Bitstream Charter', Times, serif; font-size: 16px; line-height: 18px; color: #444444;\">Lire la suite<\/span><\/a><\/h1>\n<p>Retourner \u00e0 :&nbsp;<a title=\"La fiche de nom\" href=\"https:\/\/www.soustons-noms-lieux.fr\/?page_id=142\">Documentation<\/a><\/p>\n<p>Aller \u00e0 :&nbsp;<a title=\"Accueil\" href=\"https:\/\/www.soustons-noms-lieux.fr\/\">Accueil<\/a><\/p>\n<p><span style=\"font-size: small;\"><em><br \/>\n<\/em><\/span><\/p>\n","protected":false},"excerpt":{"rendered":"<p>Le gascon utilise de nombreux suffixes. Nous faisons ici l&rsquo;inventaire des suffixes rencontr\u00e9s dans les noms de lieux soustonnais. Il sont not\u00e9s sous la graphie habituellement utilis\u00e9e et la graphie occitane normalis\u00e9e (en italiques), au masculin et au f\u00e9minin. Les &hellip; <a href=\"https:\/\/www.soustons-noms-lieux.fr\/?page_id=546\">Continuer la lecture <span class=\"meta-nav\">&rarr;<\/span><\/a><\/p>\n","protected":false},"author":1,"featured_media":0,"parent":142,"menu_order":560,"comment_status":"closed","ping_status":"closed","template":"onecolumn-page.php","meta":{"ngg_post_thumbnail":0,"footnotes":""},"class_list":["post-546","page","type-page","status-publish","hentry"],"_links":{"self":[{"href":"https:\/\/www.soustons-noms-lieux.fr\/index.php?rest_route=\/wp\/v2\/pages\/546","targetHints":{"allow":["GET"]}}],"collection":[{"href":"https:\/\/www.soustons-noms-lieux.fr\/index.php?rest_route=\/wp\/v2\/pages"}],"about":[{"href":"https:\/\/www.soustons-noms-lieux.fr\/index.php?rest_route=\/wp\/v2\/types\/page"}],"author":[{"embeddable":true,"href":"https:\/\/www.soustons-noms-lieux.fr\/index.php?rest_route=\/wp\/v2\/users\/1"}],"replies":[{"embeddable":true,"href":"https:\/\/www.soustons-noms-lieux.fr\/index.php?rest_route=%2Fwp%2Fv2%2Fcomments&post=546"}],"version-history":[{"count":1,"href":"https:\/\/www.soustons-noms-lieux.fr\/index.php?rest_route=\/wp\/v2\/pages\/546\/revisions"}],"predecessor-version":[{"id":6641,"href":"https:\/\/www.soustons-noms-lieux.fr\/index.php?rest_route=\/wp\/v2\/pages\/546\/revisions\/6641"}],"up":[{"embeddable":true,"href":"https:\/\/www.soustons-noms-lieux.fr\/index.php?rest_route=\/wp\/v2\/pages\/142"}],"wp:attachment":[{"href":"https:\/\/www.soustons-noms-lieux.fr\/index.php?rest_route=%2Fwp%2Fv2%2Fmedia&parent=546"}],"curies":[{"name":"wp","href":"https:\/\/api.w.org\/{rel}","templated":true}]}}