{"id":606,"date":"2011-12-27T13:49:39","date_gmt":"2011-12-27T13:49:39","guid":{"rendered":"http:\/\/www.soustons-noms-lieux.fr\/?page_id=606"},"modified":"2018-01-01T15:39:34","modified_gmt":"2018-01-01T15:39:34","slug":"les-lieux","status":"publish","type":"page","link":"https:\/\/www.soustons-noms-lieux.fr\/?page_id=606","title":{"rendered":"Lieux-dits"},"content":{"rendered":"<p>Par <strong>lieu-dit<\/strong>, nous entendons tout espace d\u00e9limit\u00e9 ou objet inanim\u00e9 (site naturel, ouvrage&nbsp;construit de main d&rsquo;homme, actuel ou disparu) qui ont \u00e9t\u00e9 d\u00e9sign\u00e9s par un nom. Tels que : quartier, hameau, \u00e9tang, cours d&rsquo;eau, zone agricole ou foresti\u00e8re,&nbsp;pont, voie, b\u00e2timent agricole,&nbsp;maison&#8230;<br \/>\nMille cinq cent lieux-dits environ ont \u00e9t\u00e9 relev\u00e9s sur la commune de Soustons.<\/p>\n<p>Voir :<\/p>\n<p><span style=\"font-size: 22px;\"><a href=\"https:\/\/www.soustons-noms-lieux.fr\/?page_id=3101\" target=\"_blank\" rel=\"noopener noreferrer\"><span class=\"Apple-style-span\" style=\"color: #000000; font-family: Baskerville, Georgia, 'Times New Roman', Times, serif; line-height: 32px;\">Les galeries de photos<\/span><\/a><\/span><\/p>\n<p><a href=\"https:\/\/www.soustons-noms-lieux.fr\/?page_id=6602\" target=\"_blank\" rel=\"noopener noreferrer\"><span class=\"Apple-style-span\" style=\"color: #000000; font-family: Baskerville, Georgia, 'Times New Roman', Times, serif; font-size: 22px; line-height: 32px;\">La g\u00e9oloca<\/span><span class=\"Apple-style-span\" style=\"color: #000000; font-family: Baskerville, Georgia, 'Times New Roman', Times, serif; font-size: 22px; line-height: 32px;\">l<\/span><span class=\"Apple-style-span\" style=\"color: #000000; font-family: Baskerville, Georgia, 'Times New Roman', Times, serif; font-size: 22px; line-height: 32px;\">isation<\/span><\/a><\/p>\n<p>Retourner \u00e0 :&nbsp;<a title=\"Accueil\" href=\"https:\/\/www.soustons-noms-lieux.fr\/\" target=\"_blank\" rel=\"noopener noreferrer\">Accueil<\/a><\/p>\n","protected":false},"excerpt":{"rendered":"<p>Par lieu-dit, nous entendons tout espace d\u00e9limit\u00e9 ou objet inanim\u00e9 (site naturel, ouvrage&nbsp;construit de main d&rsquo;homme, actuel ou disparu) qui ont \u00e9t\u00e9 d\u00e9sign\u00e9s par un nom. Tels que : quartier, hameau, \u00e9tang, cours d&rsquo;eau, zone agricole ou foresti\u00e8re,&nbsp;pont, voie, b\u00e2timent &hellip; <a href=\"https:\/\/www.soustons-noms-lieux.fr\/?page_id=606\">Continuer la lecture <span class=\"meta-nav\">&rarr;<\/span><\/a><\/p>\n","protected":false},"author":1,"featured_media":0,"parent":238,"menu_order":200,"comment_status":"closed","ping_status":"closed","template":"onecolumn-page.php","meta":{"ngg_post_thumbnail":0,"footnotes":""},"class_list":["post-606","page","type-page","status-publish","hentry"],"_links":{"self":[{"href":"https:\/\/www.soustons-noms-lieux.fr\/index.php?rest_route=\/wp\/v2\/pages\/606","targetHints":{"allow":["GET"]}}],"collection":[{"href":"https:\/\/www.soustons-noms-lieux.fr\/index.php?rest_route=\/wp\/v2\/pages"}],"about":[{"href":"https:\/\/www.soustons-noms-lieux.fr\/index.php?rest_route=\/wp\/v2\/types\/page"}],"author":[{"embeddable":true,"href":"https:\/\/www.soustons-noms-lieux.fr\/index.php?rest_route=\/wp\/v2\/users\/1"}],"replies":[{"embeddable":true,"href":"https:\/\/www.soustons-noms-lieux.fr\/index.php?rest_route=%2Fwp%2Fv2%2Fcomments&post=606"}],"version-history":[{"count":13,"href":"https:\/\/www.soustons-noms-lieux.fr\/index.php?rest_route=\/wp\/v2\/pages\/606\/revisions"}],"predecessor-version":[{"id":6656,"href":"https:\/\/www.soustons-noms-lieux.fr\/index.php?rest_route=\/wp\/v2\/pages\/606\/revisions\/6656"}],"up":[{"embeddable":true,"href":"https:\/\/www.soustons-noms-lieux.fr\/index.php?rest_route=\/wp\/v2\/pages\/238"}],"wp:attachment":[{"href":"https:\/\/www.soustons-noms-lieux.fr\/index.php?rest_route=%2Fwp%2Fv2%2Fmedia&parent=606"}],"curies":[{"name":"wp","href":"https:\/\/api.w.org\/{rel}","templated":true}]}}