{"id":6623,"date":"2018-01-01T10:29:42","date_gmt":"2018-01-01T10:29:42","guid":{"rendered":"http:\/\/www.soustons-noms-lieux.fr\/?page_id=6623"},"modified":"2018-01-01T15:34:17","modified_gmt":"2018-01-01T15:34:17","slug":"classement-et-inventaire","status":"publish","type":"page","link":"https:\/\/www.soustons-noms-lieux.fr\/?page_id=6623","title":{"rendered":"Classement et inventaire"},"content":{"rendered":"<p>Un classement des lieux-dits par type a \u00e9t\u00e9 \u00e9tabli.<\/p>\n<p>Voir :&nbsp;<a title=\"Types de lieux-dits\" href=\"https:\/\/www.soustons-noms-lieux.fr\/?page_id=783\" target=\"_blank\" rel=\"noopener noreferrer\">Les types de lieux-dits<\/a><\/p>\n<p>Pour consulter l&rsquo;inventairedles lieux-dits de <span style=\"color: #333300;\">Soustons<\/span> :<\/p>\n<p style=\"color: #444444; font-size: 16px; margin-bottom: 24px;\">Voir :&nbsp;<span style=\"color: #0000ff;\"><span style=\"color: #000000;\"><span style=\"color: #333300;\"><a href=\"https:\/\/www.soustons-noms-lieux.fr\/wp-content\/uploads\/\/20 lieux dits\/Lieux-dits-par-type-150204.pdf\" target=\"_blank\" rel=\"noopener noreferrer\"><span style=\"color: #3366ff;\">Les lieux-dits de Soustons par type de lieu-dit<\/span><\/a><\/span><\/span><\/span><\/p>\n<p>Voir :&nbsp;<a href=\"https:\/\/www.soustons-noms-lieux.fr\/wp-content\/uploads\/\/20 lieux dits\/Lieux-dits-par-nom-150206.pdf\" target=\"_blank\" rel=\"noopener noreferrer\"><span style=\"color: #3366ff;\">Les lieux-dits de Soustons par nom de lieu<\/span><\/a><\/p>\n","protected":false},"excerpt":{"rendered":"<p>Un classement des lieux-dits par type a \u00e9t\u00e9 \u00e9tabli. Voir :&nbsp;Les types de lieux-dits Pour consulter l&rsquo;inventairedles lieux-dits de Soustons : Voir :&nbsp;Les lieux-dits de Soustons par type de lieu-dit Voir :&nbsp;Les lieux-dits de Soustons par nom de lieu<\/p>\n","protected":false},"author":1,"featured_media":0,"parent":606,"menu_order":230,"comment_status":"closed","ping_status":"closed","template":"onecolumn-page.php","meta":{"ngg_post_thumbnail":0,"footnotes":""},"class_list":["post-6623","page","type-page","status-publish","hentry"],"_links":{"self":[{"href":"https:\/\/www.soustons-noms-lieux.fr\/index.php?rest_route=\/wp\/v2\/pages\/6623","targetHints":{"allow":["GET"]}}],"collection":[{"href":"https:\/\/www.soustons-noms-lieux.fr\/index.php?rest_route=\/wp\/v2\/pages"}],"about":[{"href":"https:\/\/www.soustons-noms-lieux.fr\/index.php?rest_route=\/wp\/v2\/types\/page"}],"author":[{"embeddable":true,"href":"https:\/\/www.soustons-noms-lieux.fr\/index.php?rest_route=\/wp\/v2\/users\/1"}],"replies":[{"embeddable":true,"href":"https:\/\/www.soustons-noms-lieux.fr\/index.php?rest_route=%2Fwp%2Fv2%2Fcomments&post=6623"}],"version-history":[{"count":2,"href":"https:\/\/www.soustons-noms-lieux.fr\/index.php?rest_route=\/wp\/v2\/pages\/6623\/revisions"}],"predecessor-version":[{"id":6652,"href":"https:\/\/www.soustons-noms-lieux.fr\/index.php?rest_route=\/wp\/v2\/pages\/6623\/revisions\/6652"}],"up":[{"embeddable":true,"href":"https:\/\/www.soustons-noms-lieux.fr\/index.php?rest_route=\/wp\/v2\/pages\/606"}],"wp:attachment":[{"href":"https:\/\/www.soustons-noms-lieux.fr\/index.php?rest_route=%2Fwp%2Fv2%2Fmedia&parent=6623"}],"curies":[{"name":"wp","href":"https:\/\/api.w.org\/{rel}","templated":true}]}}