{"id":7155,"date":"2024-08-26T21:12:10","date_gmt":"2024-08-26T21:12:10","guid":{"rendered":"https:\/\/www.soustons-noms-lieux.fr\/?page_id=7155"},"modified":"2024-08-27T06:26:40","modified_gmt":"2024-08-27T06:26:40","slug":"recherches-sur-leglise-ancienne-de-soustons","status":"publish","type":"page","link":"https:\/\/www.soustons-noms-lieux.fr\/?page_id=7155","title":{"rendered":"Recherches sur l&rsquo;\u00e9glise ancienne de Soustons"},"content":{"rendered":"\n<p><br>Cet article a \u00e9t\u00e9 publi\u00e9 dans le&nbsp;<em>Bulletin de la Soci\u00e9t\u00e9 de Borda<\/em>, Dax, n\u00b0 529, 1er trimestre 2018, p. 97-110.<\/p>\n\n\n\n<h2 class=\"wp-block-heading\"><br><strong>Recherches sur l\u2019ancienne \u00e9glise de Soustons<\/strong><\/h2>\n\n\n\n<p><br><br>R\u00e9sum\u00e9 &#8211; En 1863, l\u2019ancienne \u00e9glise de Soustons fut d\u00e9mantel\u00e9e pour faire place \u00e0 l\u2019\u00e9difice actuel dont on a c\u00e9l\u00e9br\u00e9 en 2017 le 150e anniversaire. Le monument disparu n\u2019avait pas fait l\u2019objet, jusqu\u2019\u00e0 cette ann\u00e9e, d\u2019\u00e9tude d\u2019ensemble. \u00c0 partir de sources fragmentaires, plans, documents techniques, devis, photo, t\u00e9moignages anciens, cette recherche tente d\u2019en restituer une description rigoureuse, de poser les questions non r\u00e9solues et d\u2019en esquisser l\u2019histoire.<\/p>\n\n\n\n<p><a href=\"https:\/\/www.soustons-noms-lieux.fr\/wp-content\/uploads\/\/60%20autres%20notes%20et%20publications\/Soustons_eglise_anc_Borda-171001-redac-AC-v4-Optimized-copie.pdf\">Lire la suite<\/a><\/p>\n\n\n\n<p><\/p>\n","protected":false},"excerpt":{"rendered":"<p>Cet article a \u00e9t\u00e9 publi\u00e9 dans le&nbsp;Bulletin de la Soci\u00e9t\u00e9 de Borda, Dax, n\u00b0 529, 1er trimestre 2018, p. 97-110. Recherches sur l\u2019ancienne \u00e9glise de Soustons R\u00e9sum\u00e9 &#8211; En 1863, l\u2019ancienne \u00e9glise de Soustons fut d\u00e9mantel\u00e9e pour faire place \u00e0 &hellip; <a href=\"https:\/\/www.soustons-noms-lieux.fr\/?page_id=7155\">Continuer la lecture <span class=\"meta-nav\">&rarr;<\/span><\/a><\/p>\n","protected":false},"author":1,"featured_media":0,"parent":153,"menu_order":617,"comment_status":"closed","ping_status":"closed","template":"","meta":{"ngg_post_thumbnail":0,"footnotes":""},"class_list":["post-7155","page","type-page","status-publish","hentry"],"_links":{"self":[{"href":"https:\/\/www.soustons-noms-lieux.fr\/index.php?rest_route=\/wp\/v2\/pages\/7155","targetHints":{"allow":["GET"]}}],"collection":[{"href":"https:\/\/www.soustons-noms-lieux.fr\/index.php?rest_route=\/wp\/v2\/pages"}],"about":[{"href":"https:\/\/www.soustons-noms-lieux.fr\/index.php?rest_route=\/wp\/v2\/types\/page"}],"author":[{"embeddable":true,"href":"https:\/\/www.soustons-noms-lieux.fr\/index.php?rest_route=\/wp\/v2\/users\/1"}],"replies":[{"embeddable":true,"href":"https:\/\/www.soustons-noms-lieux.fr\/index.php?rest_route=%2Fwp%2Fv2%2Fcomments&post=7155"}],"version-history":[{"count":4,"href":"https:\/\/www.soustons-noms-lieux.fr\/index.php?rest_route=\/wp\/v2\/pages\/7155\/revisions"}],"predecessor-version":[{"id":7174,"href":"https:\/\/www.soustons-noms-lieux.fr\/index.php?rest_route=\/wp\/v2\/pages\/7155\/revisions\/7174"}],"up":[{"embeddable":true,"href":"https:\/\/www.soustons-noms-lieux.fr\/index.php?rest_route=\/wp\/v2\/pages\/153"}],"wp:attachment":[{"href":"https:\/\/www.soustons-noms-lieux.fr\/index.php?rest_route=%2Fwp%2Fv2%2Fmedia&parent=7155"}],"curies":[{"name":"wp","href":"https:\/\/api.w.org\/{rel}","templated":true}]}}