{"id":785,"date":"2012-01-29T15:53:14","date_gmt":"2012-01-29T15:53:14","guid":{"rendered":"http:\/\/www.soustons-noms-lieux.fr\/?page_id=785"},"modified":"2018-01-01T16:13:16","modified_gmt":"2018-01-01T16:13:16","slug":"categories-de-noms-de-lieux","status":"publish","type":"page","link":"https:\/\/www.soustons-noms-lieux.fr\/?page_id=785","title":{"rendered":"Cat\u00e9gories de noms de lieux"},"content":{"rendered":"<p>Un classement des noms par cat\u00e9gories \u00e0 partir de leur signification d&rsquo;origine est propos\u00e9 :<\/p>\n<p>caract\u00e9ristique de la construction (type de construction, mat\u00e9riaux, couleur, orientation)<br \/>\nind\u00e9termin\u00e9<br \/>\nlocution<br \/>\nnature du sol<br \/>\nnom de v\u00e9g\u00e9tal (arbre, plante sauvage, plante cultiv\u00e9e)<br \/>\nnom d&rsquo;animal (animal sauvage, animal domestique, \u00e9levage)<br \/>\nnom de famille<br \/>\nnom de m\u00e9tier<br \/>\nnom d&rsquo;origine<br \/>\npr\u00e9nom<br \/>\nrelief<br \/>\nsituation par rapport \u00e0 un autre lieu<br \/>\nsobriquet (en gascon&nbsp;<em>chafre)<\/em><\/p>\n<p>Voir :&nbsp;<span class=\"Apple-style-span\" style=\"color: #ff0000;\">Les noms de lieux de Soustons par cat\u00e9gories (en construction)<\/span><\/p>\n<p>Retourner \u00e0 : <a href=\"https:\/\/www.soustons-noms-lieux.fr\/?page_id=451\" target=\"_blank\" rel=\"noopener noreferrer\">Mode d&#8217;emploi<\/a><\/p>\n<p>Retourner \u00e0 :&nbsp;<a title=\"Accueil\" href=\"https:\/\/www.soustons-noms-lieux.fr\/\" target=\"_blank\" rel=\"noopener noreferrer\">Accueil<\/a><\/p>\n","protected":false},"excerpt":{"rendered":"<p>Un classement des noms par cat\u00e9gories \u00e0 partir de leur signification d&rsquo;origine est propos\u00e9 : caract\u00e9ristique de la construction (type de construction, mat\u00e9riaux, couleur, orientation) ind\u00e9termin\u00e9 locution nature du sol nom de v\u00e9g\u00e9tal (arbre, plante sauvage, plante cultiv\u00e9e) nom d&rsquo;animal &hellip; <a href=\"https:\/\/www.soustons-noms-lieux.fr\/?page_id=785\">Continuer la lecture <span class=\"meta-nav\">&rarr;<\/span><\/a><\/p>\n","protected":false},"author":1,"featured_media":0,"parent":6629,"menu_order":412,"comment_status":"closed","ping_status":"closed","template":"onecolumn-page.php","meta":{"ngg_post_thumbnail":0,"footnotes":""},"class_list":["post-785","page","type-page","status-publish","hentry"],"_links":{"self":[{"href":"https:\/\/www.soustons-noms-lieux.fr\/index.php?rest_route=\/wp\/v2\/pages\/785","targetHints":{"allow":["GET"]}}],"collection":[{"href":"https:\/\/www.soustons-noms-lieux.fr\/index.php?rest_route=\/wp\/v2\/pages"}],"about":[{"href":"https:\/\/www.soustons-noms-lieux.fr\/index.php?rest_route=\/wp\/v2\/types\/page"}],"author":[{"embeddable":true,"href":"https:\/\/www.soustons-noms-lieux.fr\/index.php?rest_route=\/wp\/v2\/users\/1"}],"replies":[{"embeddable":true,"href":"https:\/\/www.soustons-noms-lieux.fr\/index.php?rest_route=%2Fwp%2Fv2%2Fcomments&post=785"}],"version-history":[{"count":2,"href":"https:\/\/www.soustons-noms-lieux.fr\/index.php?rest_route=\/wp\/v2\/pages\/785\/revisions"}],"predecessor-version":[{"id":6672,"href":"https:\/\/www.soustons-noms-lieux.fr\/index.php?rest_route=\/wp\/v2\/pages\/785\/revisions\/6672"}],"up":[{"embeddable":true,"href":"https:\/\/www.soustons-noms-lieux.fr\/index.php?rest_route=\/wp\/v2\/pages\/6629"}],"wp:attachment":[{"href":"https:\/\/www.soustons-noms-lieux.fr\/index.php?rest_route=%2Fwp%2Fv2%2Fmedia&parent=785"}],"curies":[{"name":"wp","href":"https:\/\/api.w.org\/{rel}","templated":true}]}}