{"id":95,"date":"2011-11-09T07:45:34","date_gmt":"2011-11-09T07:45:34","guid":{"rendered":"http:\/\/www.soustons-noms-lieux.fr\/?page_id=95"},"modified":"2018-01-01T10:39:43","modified_gmt":"2018-01-01T10:39:43","slug":"le-gascon-dialecte-occitan","status":"publish","type":"page","link":"https:\/\/www.soustons-noms-lieux.fr\/?page_id=95","title":{"rendered":"Le gascon"},"content":{"rendered":"<p>Le gascon fait partie de l&rsquo;ensemble des langues d&rsquo;oc ou occitan. Il est localis\u00e9 dans le sud-ouest de la France.&nbsp;La Gascogne, domaine du parler gascon, co\u00efncide a peu pr\u00e8s avec le triangle form\u00e9 par la Garonne, les Pyr\u00e9nn\u00e9es et l&rsquo;Oc\u00e9an (Carte 1).<\/p>\n<p style=\"text-align: center;\"><img loading=\"lazy\" decoding=\"async\" class=\"alignnone size-large wp-image-2242\" title=\"carte langues fr AC 3 rec carte 1\" src=\"https:\/\/www.soustons-noms-lieux.fr\/wp-content\/uploads\/\/40 documentation\/carte-langues-fr-AC-3-rec-carte-1-998x1024.jpg\" alt=\"\" width=\"960\" height=\"985\" srcset=\"https:\/\/www.soustons-noms-lieux.fr\/wp-content\/uploads\/40%20documentation\/carte-langues-fr-AC-3-rec-carte-1-998x1024.jpg 998w, https:\/\/www.soustons-noms-lieux.fr\/wp-content\/uploads\/40%20documentation\/carte-langues-fr-AC-3-rec-carte-1-292x300.jpg 292w\" sizes=\"auto, (max-width: 960px) 100vw, 960px\" \/><\/p>\n<p>&nbsp;<\/p>\n<p style=\"text-align: justify;\">Issu du latin comme les autres parlers occitans, le gascon se diff\u00e9rencie de ces derniers, entre autres par des traits phon\u00e9tiques dont les limites g\u00e9ographiques sont repr\u00e9sent\u00e9es sur la carte 2.<\/p>\n<p style=\"text-align: justify;\"><a href=\"https:\/\/www.soustons-noms-lieux.fr\/wp-content\/uploads\/\/carte-gascon-AC-v2-reecr-carte-2.jpg\"><img loading=\"lazy\" decoding=\"async\" class=\"alignnone size-large wp-image-2243\" title=\"carte gascon AC v2 reecr carte 2\" src=\"https:\/\/www.soustons-noms-lieux.fr\/wp-content\/uploads\/\/40 documentation\/carte-gascon-AC-v2-reecr-carte-2-1024x969.jpg\" alt=\"\" width=\"960\" height=\"908\" srcset=\"https:\/\/www.soustons-noms-lieux.fr\/wp-content\/uploads\/40%20documentation\/carte-gascon-AC-v2-reecr-carte-2-1024x969.jpg 1024w, https:\/\/www.soustons-noms-lieux.fr\/wp-content\/uploads\/40%20documentation\/carte-gascon-AC-v2-reecr-carte-2-300x284.jpg 300w\" sizes=\"auto, (max-width: 960px) 100vw, 960px\" \/><br \/>\n<\/a><a href=\"https:\/\/www.soustons-noms-lieux.fr\/wp-content\/uploads\/\/cartes langues gascon\/carte-gascon-AC-v2-reecr-carte-2.jpg\"><br \/>\n<\/a><a href=\"https:\/\/www.soustons-noms-lieux.fr\/wp-content\/uploads\/annexes\/carte-gascon-AC-v2-reecr-carte-2.jpg\"><br \/>\n<\/a><br \/>\nNos notices se r\u00e9f\u00e8rent \u00e0 ces traits quand elles font appel \u00e0 l&rsquo;\u00e9tymologie latine. En g\u00e9n\u00e9ral, l&rsquo;\u00e9volution est la suivante :<\/p>\n<ul>\n<li>&nbsp;<em>ll<\/em>&nbsp;latin \u2013&gt; gascon&nbsp;<em>t<\/em>&nbsp;ou&nbsp;<em>r<\/em>&nbsp;:&nbsp;<em>castellum<\/em>&nbsp;\u2013&gt;&nbsp;<em>cast\u00e8th<\/em>,&nbsp;<em>gallinam<\/em>&nbsp;\u2013&gt;&nbsp;<em>garia<\/em><\/li>\n<li>&nbsp;<em>f<\/em>&nbsp; latin \u2013&gt; gascon&nbsp;<em>h<\/em>&nbsp;:&nbsp;<em>feminam<\/em>&nbsp;-&gt;&nbsp;<em>hemna<\/em><\/li>\n<li>&nbsp;<em>r<\/em>&nbsp;initial latin \u2013&gt; gascon&nbsp;<em>arr<\/em>&nbsp;:&nbsp;<em>rivum<\/em>\u2013&gt;&nbsp;<em>arriu<\/em><\/li>\n<li>&nbsp;<em>n<\/em>&nbsp;intervocalique latin dispara\u00eet :&nbsp;<em>luna<\/em>&nbsp;\u2013&gt;&nbsp;<em>lua<\/em><\/li>\n<li>&nbsp;<em>nd, mb<\/em>&nbsp;latin \u2013&gt; gascon&nbsp;<em>n<\/em>&nbsp;:&nbsp;<em>landam<\/em>&nbsp;&gt;&nbsp;<em>lana<\/em>,&nbsp;<em>palombam<\/em>&nbsp;&gt;&nbsp;<em>paloma<\/em><\/li>\n<li>&nbsp;d\u00e9placement du&nbsp;<em>r<\/em>&nbsp;latin :&nbsp;<em>pauperem<\/em>&nbsp;&gt;&nbsp;<em>praube<\/em><\/li>\n<li>&nbsp;<em>que<\/em>&nbsp;gascon \u00e9nonciatif :&nbsp;<em>que<\/em>&nbsp;<em>canti<\/em>, je chante,&nbsp;<em>que canta<\/em>, il chante.<\/li>\n<\/ul>\n<p style=\"text-align: justify;\">Dans une aire occidentale de la Gascogne dont fait partie le territoire de Soustons,&nbsp;les voyelles &lsquo;\u00e9&rsquo;, &lsquo;a&rsquo; ou &lsquo;o&rsquo; peuvent se fermer en &lsquo;eu&rsquo;, donnant au parler de cette zone une tonalit\u00e9 assombrie qui l&rsquo;a fait qualifier de \u00ab parler noir \u00bb. Cette particularit\u00e9 appara\u00eet dans la notation phon\u00e9tique propos\u00e9e pour les noms.<\/p>\n<p>Pour en savoir plus sur la Gascogne et le gascon :<br \/>\nVoir la note : <a title=\"Comment peut-on \u00eatre gascon&nbsp;?\" href=\"https:\/\/www.soustons-noms-lieux.fr\/?page_id=373\" target=\"_blank\" rel=\"noopener noreferrer\">Comment peut-on \u00eatre gascon ?<\/a><\/p>\n<p>Retourner \u00e0 :&nbsp;<a title=\"La fiche de nom\" href=\"https:\/\/www.soustons-noms-lieux.fr\/?page_id=142\" target=\"_blank\" rel=\"noopener noreferrer\">Documentation<\/a><\/p>\n<p>Aller \u00e0 :&nbsp;<a title=\"Accueil\" href=\"https:\/\/www.soustons-noms-lieux.fr\/\" target=\"_blank\" rel=\"noopener noreferrer\">Accueil<\/a><\/p>\n<p><em><br \/>\n<\/em><\/p>\n","protected":false},"excerpt":{"rendered":"<p>Le gascon fait partie de l&rsquo;ensemble des langues d&rsquo;oc ou occitan. Il est localis\u00e9 dans le sud-ouest de la France.&nbsp;La Gascogne, domaine du parler gascon, co\u00efncide a peu pr\u00e8s avec le triangle form\u00e9 par la Garonne, les Pyr\u00e9nn\u00e9es et l&rsquo;Oc\u00e9an &hellip; <a href=\"https:\/\/www.soustons-noms-lieux.fr\/?page_id=95\">Continuer la lecture <span class=\"meta-nav\">&rarr;<\/span><\/a><\/p>\n","protected":false},"author":1,"featured_media":0,"parent":142,"menu_order":520,"comment_status":"closed","ping_status":"closed","template":"onecolumn-page.php","meta":{"ngg_post_thumbnail":0,"footnotes":""},"class_list":["post-95","page","type-page","status-publish","hentry"],"_links":{"self":[{"href":"https:\/\/www.soustons-noms-lieux.fr\/index.php?rest_route=\/wp\/v2\/pages\/95","targetHints":{"allow":["GET"]}}],"collection":[{"href":"https:\/\/www.soustons-noms-lieux.fr\/index.php?rest_route=\/wp\/v2\/pages"}],"about":[{"href":"https:\/\/www.soustons-noms-lieux.fr\/index.php?rest_route=\/wp\/v2\/types\/page"}],"author":[{"embeddable":true,"href":"https:\/\/www.soustons-noms-lieux.fr\/index.php?rest_route=\/wp\/v2\/users\/1"}],"replies":[{"embeddable":true,"href":"https:\/\/www.soustons-noms-lieux.fr\/index.php?rest_route=%2Fwp%2Fv2%2Fcomments&post=95"}],"version-history":[{"count":1,"href":"https:\/\/www.soustons-noms-lieux.fr\/index.php?rest_route=\/wp\/v2\/pages\/95\/revisions"}],"predecessor-version":[{"id":6638,"href":"https:\/\/www.soustons-noms-lieux.fr\/index.php?rest_route=\/wp\/v2\/pages\/95\/revisions\/6638"}],"up":[{"embeddable":true,"href":"https:\/\/www.soustons-noms-lieux.fr\/index.php?rest_route=\/wp\/v2\/pages\/142"}],"wp:attachment":[{"href":"https:\/\/www.soustons-noms-lieux.fr\/index.php?rest_route=%2Fwp%2Fv2%2Fmedia&parent=95"}],"curies":[{"name":"wp","href":"https:\/\/api.w.org\/{rel}","templated":true}]}}